{"id":33129,"date":"2021-01-11T10:02:00","date_gmt":"2021-01-11T09:02:00","guid":{"rendered":"https:\/\/bjorntech.com\/?post_type=product&#038;p=33129"},"modified":"2024-03-14T10:22:58","modified_gmt":"2024-03-14T09:22:58","slug":"woocommerce-swish","status":"publish","type":"product","link":"https:\/\/bjorntech.com\/sv\/produkt\/woocommerce-swish\/","title":{"rendered":"WooCommerce Swish f\u00f6r Handel"},"content":{"rendered":"\n<h3 class=\"accordion_title\">FAQ<\/h3><div class=\"accordion\">\n\n\t<div id=\"accordion-2311420953\" class=\"accordion-item\">\n\t\t<a id=\"accordion-2311420953-label\" class=\"accordion-title plain\" href=\"#accordion-item-how-do-i-get-started-using-woocommerce-swish-e-commerce?\" aria-expanded=\"false\" aria-controls=\"accordion-2311420953-content\">\n\t\t\t<button class=\"toggle\" aria-label=\"Toggle\"><i class=\"icon-angle-down\" aria-hidden=\"true\"><\/i><\/button>\n\t\t\t<span>How do I get started using WooCommerce Swish E-commerce?<\/span>\n\t\t<\/a>\n\t\t<div id=\"accordion-2311420953-content\" class=\"accordion-inner\" aria-labelledby=\"accordion-2311420953-label\">\n\t\t\t\nFollow this guide in how to get started with the plugin and our service.\n\t\t<\/div>\n\t<\/div>\n\t\n\n\t<div id=\"accordion-3553340320\" class=\"accordion-item\">\n\t\t<a id=\"accordion-3553340320-label\" class=\"accordion-title plain\" href=\"#accordion-item-how-does-the-free-tier-work?\" aria-expanded=\"false\" aria-controls=\"accordion-3553340320-content\">\n\t\t\t<button class=\"toggle\" aria-label=\"Toggle\"><i class=\"icon-angle-down\" aria-hidden=\"true\"><\/i><\/button>\n\t\t\t<span>How does the free tier work?<\/span>\n\t\t<\/a>\n\t\t<div id=\"accordion-3553340320-content\" class=\"accordion-inner\" aria-labelledby=\"accordion-3553340320-label\">\n\t\t\t\nYou can use our plugin for free as long as you only receive under 50 transactions per month. If you go above that at any given time &#8211; the service will be disabled until you choose to buy a subscription with us. If you reach 50 transactions one month, the service will not be enabled again the next month until you choose to buy a subscription with us.\n\t\t<\/div>\n\t<\/div>\n\t\n\n\t<div id=\"accordion-2449115213\" class=\"accordion-item\">\n\t\t<a id=\"accordion-2449115213-label\" class=\"accordion-title plain\" href=\"#accordion-item-what-is-a-transaction?\" aria-expanded=\"false\" aria-controls=\"accordion-2449115213-content\">\n\t\t\t<button class=\"toggle\" aria-label=\"Toggle\"><i class=\"icon-angle-down\" aria-hidden=\"true\"><\/i><\/button>\n\t\t\t<span>What is a transaction?<\/span>\n\t\t<\/a>\n\t\t<div id=\"accordion-2449115213-content\" class=\"accordion-inner\" aria-labelledby=\"accordion-2449115213-label\">\n\t\t\t\nWe count a transaction as an initiated payment or refund with Swish. The payment or refund does not have to be successful for it to be counted as a transaction.\n\t\t<\/div>\n\t<\/div>\n\t\n\n\t<div id=\"accordion-1434188221\" class=\"accordion-item\">\n\t\t<a id=\"accordion-1434188221-label\" class=\"accordion-title plain\" href=\"#accordion-item-how-can-i-keep-track-of-my-transactions?\" aria-expanded=\"false\" aria-controls=\"accordion-1434188221-content\">\n\t\t\t<button class=\"toggle\" aria-label=\"Toggle\"><i class=\"icon-angle-down\" aria-hidden=\"true\"><\/i><\/button>\n\t\t\t<span>How can I keep track of my transactions?<\/span>\n\t\t<\/a>\n\t\t<div id=\"accordion-1434188221-content\" class=\"accordion-inner\" aria-labelledby=\"accordion-1434188221-label\">\n\t\t\t\nWe send out emails to the email address that you entered when you connected the plugin to our service when you&#8217;ve reached 80% and 100% of your monthly transaction limit.\n\t\t<\/div>\n\t<\/div>\n\t\n\n<\/div>\n","protected":false},"excerpt":{"rendered":"<p>F\u00f6lj v\u00e5r <a href=\"https:\/\/bjorntech.com\/sv\/kb\/swish-teknisk-leverantor\/\">guide<\/a> f\u00f6r att komma ig\u00e5ng med till\u00e4gget och BjornTech som teknisk leverant\u00f6r.<\/p>\n<p>Detta \u00e4r en prenumeration som till\u00e5ter dig att anv\u00e4nda mer \u00e4n 50 transaktioner per m\u00e5nad i BjornTech Swish Service.<\/p>\n<p>N\u00e4r du ansluter till BjornTech Swish Service anv\u00e4nder du v\u00e5rt centrala Swish-certifikat. Det inneb\u00e4r att du slipper den komplicerade processen att skapa och hantera ditt eget certifikat.<\/p>\n<p>Du anv\u00e4nder det vanliga till\u00e4gget som du hittar p\u00e5 <a href=\"https:\/\/wordpress.org\/plugins\/woo-swish-e-commerce\/\">Wordpress<\/a>. N\u00e4r du installerat till\u00e4gget beh\u00f6ver du ange oss som Teknisk leverant\u00f6r.<\/p>\n","protected":false},"featured_media":39941,"template":"","meta":[],"product_brand":[],"product_cat":[39],"product_tag":[],"class_list":{"0":"post-33129","1":"product","2":"type-product","3":"status-publish","4":"has-post-thumbnail","6":"product_cat-swish","8":"first","9":"instock","10":"taxable","11":"shipping-taxable","12":"purchasable","13":"product-type-variable-subscription","14":"has-default-attributes"},"yoast_head":"<!-- This site is optimized with the Yoast SEO Premium plugin v27.4 (Yoast SEO v27.4) - https:\/\/yoast.com\/product\/yoast-seo-premium-wordpress\/ -->\n<title>WooCommerce Swish f\u00f6r Handel &#8211; BjornTech<\/title>\n<meta name=\"robots\" content=\"index, follow, max-snippet:-1, max-image-preview:large, max-video-preview:-1\" \/>\n<link rel=\"canonical\" href=\"https:\/\/bjorntech.com\/sv\/produkt\/woocommerce-swish\/\" \/>\n<meta property=\"og:locale\" content=\"sv_SE\" \/>\n<meta property=\"og:type\" content=\"article\" \/>\n<meta property=\"og:title\" content=\"WooCommerce Swish f\u00f6r Handel\" \/>\n<meta property=\"og:description\" content=\"F\u00f6lj v\u00e5r guide f\u00f6r att komma ig\u00e5ng med till\u00e4gget och BjornTech som teknisk leverant\u00f6r.  Detta \u00e4r en prenumeration som till\u00e5ter dig att anv\u00e4nda mer \u00e4n 50 transaktioner per m\u00e5nad i BjornTech Swish Service.  N\u00e4r du ansluter till BjornTech Swish Service anv\u00e4nder du v\u00e5rt centrala Swish-certifikat. Det inneb\u00e4r att du slipper den komplicerade processen att skapa och hantera ditt eget certifikat.  Du anv\u00e4nder det vanliga till\u00e4gget som du hittar p\u00e5 Wordpress. N\u00e4r du installerat till\u00e4gget beh\u00f6ver du ange oss som Teknisk leverant\u00f6r.\" \/>\n<meta property=\"og:url\" content=\"https:\/\/bjorntech.com\/sv\/produkt\/woocommerce-swish\/\" \/>\n<meta property=\"og:site_name\" content=\"BjornTech\" \/>\n<meta property=\"article:modified_time\" content=\"2024-03-14T09:22:58+00:00\" \/>\n<meta property=\"og:image\" content=\"https:\/\/bjorntech.com\/wp-content\/uploads\/swish.png\" \/>\n\t<meta property=\"og:image:width\" content=\"1092\" \/>\n\t<meta property=\"og:image:height\" content=\"1308\" \/>\n\t<meta property=\"og:image:type\" content=\"image\/png\" \/>\n<meta name=\"twitter:card\" content=\"summary_large_image\" \/>\n<meta name=\"twitter:label1\" content=\"Pris\" \/>\n\t<meta name=\"twitter:data1\" content=\"&euro;90.00\" \/>\n\t<meta name=\"twitter:label2\" content=\"Tillg\u00e4nglig\" \/>\n\t<meta name=\"twitter:data2\" content=\"I lager\" \/>\n<script type=\"application\/ld+json\" class=\"yoast-schema-graph\">{\"@context\":\"https:\\\/\\\/schema.org\",\"@graph\":[{\"@type\":\"WebPage\",\"@id\":\"https:\\\/\\\/bjorntech.com\\\/sv\\\/produkt\\\/woocommerce-swish\\\/\",\"url\":\"https:\\\/\\\/bjorntech.com\\\/sv\\\/produkt\\\/woocommerce-swish\\\/\",\"name\":\"WooCommerce Swish f\u00f6r Handel &#8211; BjornTech\",\"isPartOf\":{\"@id\":\"https:\\\/\\\/bjorntech.com\\\/sv\\\/#website\"},\"primaryImageOfPage\":{\"@id\":\"https:\\\/\\\/bjorntech.com\\\/sv\\\/produkt\\\/woocommerce-swish\\\/#primaryimage\"},\"image\":{\"@id\":\"https:\\\/\\\/bjorntech.com\\\/sv\\\/produkt\\\/woocommerce-swish\\\/#primaryimage\"},\"thumbnailUrl\":\"https:\\\/\\\/bjorntech.com\\\/wp-content\\\/uploads\\\/swish.png\",\"datePublished\":\"2021-01-11T09:02:00+00:00\",\"dateModified\":\"2024-03-14T09:22:58+00:00\",\"breadcrumb\":{\"@id\":\"https:\\\/\\\/bjorntech.com\\\/sv\\\/produkt\\\/woocommerce-swish\\\/#breadcrumb\"},\"inLanguage\":\"sv-SE\",\"potentialAction\":[{\"@type\":\"ReadAction\",\"target\":[\"https:\\\/\\\/bjorntech.com\\\/sv\\\/produkt\\\/woocommerce-swish\\\/\"]}]},{\"@type\":\"ImageObject\",\"inLanguage\":\"sv-SE\",\"@id\":\"https:\\\/\\\/bjorntech.com\\\/sv\\\/produkt\\\/woocommerce-swish\\\/#primaryimage\",\"url\":\"https:\\\/\\\/bjorntech.com\\\/wp-content\\\/uploads\\\/swish.png\",\"contentUrl\":\"https:\\\/\\\/bjorntech.com\\\/wp-content\\\/uploads\\\/swish.png\",\"width\":1092,\"height\":1308},{\"@type\":\"BreadcrumbList\",\"@id\":\"https:\\\/\\\/bjorntech.com\\\/sv\\\/produkt\\\/woocommerce-swish\\\/#breadcrumb\",\"itemListElement\":[{\"@type\":\"ListItem\",\"position\":1,\"name\":\"Hem\",\"item\":\"https:\\\/\\\/bjorntech.com\\\/sv\\\/\"},{\"@type\":\"ListItem\",\"position\":2,\"name\":\"Webbutik\",\"item\":\"https:\\\/\\\/bjorntech.com\\\/sv\\\/?page_id=24938\"},{\"@type\":\"ListItem\",\"position\":3,\"name\":\"WooCommerce Swish f\u00f6r Handel\"}]},{\"@type\":\"WebSite\",\"@id\":\"https:\\\/\\\/bjorntech.com\\\/sv\\\/#website\",\"url\":\"https:\\\/\\\/bjorntech.com\\\/sv\\\/\",\"name\":\"BjornTech\",\"description\":\"e-commerce made easy\",\"publisher\":{\"@id\":\"https:\\\/\\\/bjorntech.com\\\/sv\\\/#organization\"},\"potentialAction\":[{\"@type\":\"SearchAction\",\"target\":{\"@type\":\"EntryPoint\",\"urlTemplate\":\"https:\\\/\\\/bjorntech.com\\\/sv\\\/?s={search_term_string}\"},\"query-input\":{\"@type\":\"PropertyValueSpecification\",\"valueRequired\":true,\"valueName\":\"search_term_string\"}}],\"inLanguage\":\"sv-SE\"},{\"@type\":\"Organization\",\"@id\":\"https:\\\/\\\/bjorntech.com\\\/sv\\\/#organization\",\"name\":\"BjornTech - eCommerce made easy\",\"url\":\"https:\\\/\\\/bjorntech.com\\\/sv\\\/\",\"logo\":{\"@type\":\"ImageObject\",\"inLanguage\":\"sv-SE\",\"@id\":\"https:\\\/\\\/bjorntech.com\\\/sv\\\/#\\\/schema\\\/logo\\\/image\\\/\",\"url\":\"https:\\\/\\\/bjorntech.com\\\/wp-content\\\/uploads\\\/BjornTechNy.png\",\"contentUrl\":\"https:\\\/\\\/bjorntech.com\\\/wp-content\\\/uploads\\\/BjornTechNy.png\",\"width\":534,\"height\":265,\"caption\":\"BjornTech - eCommerce made easy\"},\"image\":{\"@id\":\"https:\\\/\\\/bjorntech.com\\\/sv\\\/#\\\/schema\\\/logo\\\/image\\\/\"}}]}<\/script>\n<meta property=\"product:price:amount\" content=\"90.00\" \/>\n<meta property=\"product:price:currency\" content=\"EUR\" \/>\n<meta property=\"og:availability\" content=\"instock\" \/>\n<meta property=\"product:availability\" content=\"instock\" \/>\n<meta property=\"product:condition\" content=\"new\" \/>\n<!-- \/ Yoast SEO Premium plugin. -->","yoast_head_json":{"title":"WooCommerce Swish f\u00f6r Handel &#8211; BjornTech","robots":{"index":"index","follow":"follow","max-snippet":"max-snippet:-1","max-image-preview":"max-image-preview:large","max-video-preview":"max-video-preview:-1"},"canonical":"https:\/\/bjorntech.com\/sv\/produkt\/woocommerce-swish\/","og_locale":"sv_SE","og_type":"article","og_title":"WooCommerce Swish f\u00f6r Handel","og_description":"F\u00f6lj v\u00e5r guide f\u00f6r att komma ig\u00e5ng med till\u00e4gget och BjornTech som teknisk leverant\u00f6r.  Detta \u00e4r en prenumeration som till\u00e5ter dig att anv\u00e4nda mer \u00e4n 50 transaktioner per m\u00e5nad i BjornTech Swish Service.  N\u00e4r du ansluter till BjornTech Swish Service anv\u00e4nder du v\u00e5rt centrala Swish-certifikat. Det inneb\u00e4r att du slipper den komplicerade processen att skapa och hantera ditt eget certifikat.  Du anv\u00e4nder det vanliga till\u00e4gget som du hittar p\u00e5 Wordpress. N\u00e4r du installerat till\u00e4gget beh\u00f6ver du ange oss som Teknisk leverant\u00f6r.","og_url":"https:\/\/bjorntech.com\/sv\/produkt\/woocommerce-swish\/","og_site_name":"BjornTech","article_modified_time":"2024-03-14T09:22:58+00:00","og_image":[{"width":1092,"height":1308,"url":"https:\/\/bjorntech.com\/wp-content\/uploads\/swish.png","type":"image\/png"}],"twitter_card":"summary_large_image","twitter_misc":{"Pris":"&euro;90.00","Tillg\u00e4nglig":"I lager"},"schema":{"@context":"https:\/\/schema.org","@graph":[{"@type":"WebPage","@id":"https:\/\/bjorntech.com\/sv\/produkt\/woocommerce-swish\/","url":"https:\/\/bjorntech.com\/sv\/produkt\/woocommerce-swish\/","name":"WooCommerce Swish f\u00f6r Handel &#8211; BjornTech","isPartOf":{"@id":"https:\/\/bjorntech.com\/sv\/#website"},"primaryImageOfPage":{"@id":"https:\/\/bjorntech.com\/sv\/produkt\/woocommerce-swish\/#primaryimage"},"image":{"@id":"https:\/\/bjorntech.com\/sv\/produkt\/woocommerce-swish\/#primaryimage"},"thumbnailUrl":"https:\/\/bjorntech.com\/wp-content\/uploads\/swish.png","datePublished":"2021-01-11T09:02:00+00:00","dateModified":"2024-03-14T09:22:58+00:00","breadcrumb":{"@id":"https:\/\/bjorntech.com\/sv\/produkt\/woocommerce-swish\/#breadcrumb"},"inLanguage":"sv-SE","potentialAction":[{"@type":"ReadAction","target":["https:\/\/bjorntech.com\/sv\/produkt\/woocommerce-swish\/"]}]},{"@type":"ImageObject","inLanguage":"sv-SE","@id":"https:\/\/bjorntech.com\/sv\/produkt\/woocommerce-swish\/#primaryimage","url":"https:\/\/bjorntech.com\/wp-content\/uploads\/swish.png","contentUrl":"https:\/\/bjorntech.com\/wp-content\/uploads\/swish.png","width":1092,"height":1308},{"@type":"BreadcrumbList","@id":"https:\/\/bjorntech.com\/sv\/produkt\/woocommerce-swish\/#breadcrumb","itemListElement":[{"@type":"ListItem","position":1,"name":"Hem","item":"https:\/\/bjorntech.com\/sv\/"},{"@type":"ListItem","position":2,"name":"Webbutik","item":"https:\/\/bjorntech.com\/sv\/?page_id=24938"},{"@type":"ListItem","position":3,"name":"WooCommerce Swish f\u00f6r Handel"}]},{"@type":"WebSite","@id":"https:\/\/bjorntech.com\/sv\/#website","url":"https:\/\/bjorntech.com\/sv\/","name":"BjornTech","description":"e-commerce made easy","publisher":{"@id":"https:\/\/bjorntech.com\/sv\/#organization"},"potentialAction":[{"@type":"SearchAction","target":{"@type":"EntryPoint","urlTemplate":"https:\/\/bjorntech.com\/sv\/?s={search_term_string}"},"query-input":{"@type":"PropertyValueSpecification","valueRequired":true,"valueName":"search_term_string"}}],"inLanguage":"sv-SE"},{"@type":"Organization","@id":"https:\/\/bjorntech.com\/sv\/#organization","name":"BjornTech - eCommerce made easy","url":"https:\/\/bjorntech.com\/sv\/","logo":{"@type":"ImageObject","inLanguage":"sv-SE","@id":"https:\/\/bjorntech.com\/sv\/#\/schema\/logo\/image\/","url":"https:\/\/bjorntech.com\/wp-content\/uploads\/BjornTechNy.png","contentUrl":"https:\/\/bjorntech.com\/wp-content\/uploads\/BjornTechNy.png","width":534,"height":265,"caption":"BjornTech - eCommerce made easy"},"image":{"@id":"https:\/\/bjorntech.com\/sv\/#\/schema\/logo\/image\/"}}]},"product_price_amount":"90.00","product_price_currency":"EUR","og_availability":"instock","product_availability":"instock","product_condition":"new"},"_links":{"self":[{"href":"https:\/\/bjorntech.com\/sv\/wp-json\/wp\/v2\/product\/33129","targetHints":{"allow":["GET"]}}],"collection":[{"href":"https:\/\/bjorntech.com\/sv\/wp-json\/wp\/v2\/product"}],"about":[{"href":"https:\/\/bjorntech.com\/sv\/wp-json\/wp\/v2\/types\/product"}],"wp:featuredmedia":[{"embeddable":true,"href":"https:\/\/bjorntech.com\/sv\/wp-json\/wp\/v2\/media\/39941"}],"wp:attachment":[{"href":"https:\/\/bjorntech.com\/sv\/wp-json\/wp\/v2\/media?parent=33129"}],"wp:term":[{"taxonomy":"product_brand","embeddable":true,"href":"https:\/\/bjorntech.com\/sv\/wp-json\/wp\/v2\/product_brand?post=33129"},{"taxonomy":"product_cat","embeddable":true,"href":"https:\/\/bjorntech.com\/sv\/wp-json\/wp\/v2\/product_cat?post=33129"},{"taxonomy":"product_tag","embeddable":true,"href":"https:\/\/bjorntech.com\/sv\/wp-json\/wp\/v2\/product_tag?post=33129"}],"curies":[{"name":"wp","href":"https:\/\/api.w.org\/{rel}","templated":true}]}}