{"id":29604,"date":"2019-12-21T20:45:16","date_gmt":"2019-12-21T19:45:16","guid":{"rendered":"https:\/\/bjorntech.com\/product\/fortnox-hub-for-woocommerce\/"},"modified":"2025-08-15T16:24:53","modified_gmt":"2025-08-15T14:24:53","slug":"fortnox-1000","status":"publish","type":"product","link":"https:\/\/bjorntech.com\/sv\/produkt\/fortnox-1000\/","title":{"rendered":"Fortnox Hub f\u00f6r WooCommerce"},"content":{"rendered":"\nFortnox Hub kopplar ihop din WooCommerce Webshop med Fortnox.\r\n\r\n<strong>Produkter<\/strong>\r\n\r\nN\u00e4r du skapar en produkt i WooCommerce skapas en artikel i Fortnox automatiskt. Du kan v\u00e4lja vilken information som skall kopieras fr\u00e5n produkten i WooCommerce till artikeln i Fortnox.Om n\u00e5got av den utvalda informationen f\u00f6r\u00e4ndras i WooCommerce kommer till\u00e4gget att uppdatera Fortnox automatiskt.\r\n\r\n<strong>Ordrar<\/strong>\r\n\r\nN\u00e4r en WooCommerce order s\u00e4tts i status Behandlas eller F\u00e4rdigbehandlad kan till\u00e4gget skapa en Order eller en Faktura i Fortnox med inneh\u00e5llet i ordrar fr\u00e5n WooCommerce. Du kan konfigurera vilka konton f\u00f6rs\u00e4ljningen skall bokas p\u00e5 beroende p\u00e5 vilket betals\u00e4tt som anv\u00e4nts.\r\n\r\n<strong>Lagerniv\u00e5er<\/strong>\r\n\r\nFortnox \u00e4r huvudk\u00e4lla f\u00f6r lagerniv\u00e5n p\u00e5 produkten. Om lagerniv\u00e5n i Fortnox f\u00f6r\u00e4ndras kommer den ocks\u00e5 att f\u00f6r\u00e4ndras i WooCommerce.\r\n\r\n<strong>Fungerar med f\u00f6ljande till\u00e4gg:<\/strong>\r\n<ul>\r\n \t<li>WooCommerce Stripe Gateway<\/li>\r\n \t<li>WooCommerce EU VAT Number<\/li>\r\n \t<li>Woo Swish e-commerce<\/li>\r\n \t<li>WooCommerce iZettle Integration<\/li>\r\n<\/ul>\n","protected":false},"excerpt":{"rendered":"<p>H\u00e4r k\u00f6per du prenumerationen f\u00f6r att anv\u00e4nda till\u00e4gget Fortnox Hub for WooCommerce.<\/p>\n<div style=\"background-color: #f0f0f0; border: 2px solid #000; border-radius: 8px; padding: 20px; max-width: 600px; margin: 20px auto; font-family: Arial, sans-serif; line-height: 1.5; box-shadow: 0 2px 5px rgba(0,0,0,0.1); transition: border-color 0.3s ease;\" onmouseover=\"this.style.borderColor='rgba(0,0,0,0)';\" onmouseout=\"this.style.borderColor='#000';\">\n<div style=\"font-weight: bold; margin-bottom: 10px;\">Har du inte till\u00e4gget \u00e4n?<\/div>\n<p>F\u00f6r att k\u00f6pa prenumerationen beh\u00f6ver du f\u00f6rst installera till\u00e4gget p\u00e5 din WooCommerce-sida och ansluta till\u00e4gget till Fortnox. N\u00e4r detta \u00e4r gjort, anv\u00e4nd din Fortnox authorization code\/installation id som du fick vid anslutningen f\u00f6r att k\u00f6pa prenumerationen h\u00e4r.<\/p>\n<p> <a href=\"https:\/\/wordpress.org\/plugins\/woo-fortnox-hub\/\" style=\"display: inline-block; background-color: #d17f5a; color: white; text-decoration: none; padding: 12px 24px; border-radius: 4px; font-weight: bold; margin-top: 15px; transition: background-color 0.3s ease;\" onmouseover=\"this.style.backgroundColor='#bd6a47';\" onmouseout=\"this.style.backgroundColor='#d17f5a';\">Ladda ner till\u00e4gget h\u00e4r<\/a> <\/div>\n","protected":false},"featured_media":39937,"template":"","meta":[],"product_brand":[],"product_cat":[56],"product_tag":[],"class_list":{"0":"post-29604","1":"product","2":"type-product","3":"status-publish","4":"has-post-thumbnail","6":"product_cat-fortnox-sv","8":"first","9":"instock","10":"taxable","11":"shipping-taxable","12":"purchasable","13":"product-type-variable-subscription"},"yoast_head":"<!-- This site is optimized with the Yoast SEO Premium plugin v27.1 (Yoast SEO v27.1.1) - https:\/\/yoast.com\/product\/yoast-seo-premium-wordpress\/ -->\n<title>Fortnox Hub f\u00f6r WooCommerce &#8211; BjornTech<\/title>\n<meta name=\"robots\" content=\"index, follow, max-snippet:-1, max-image-preview:large, max-video-preview:-1\" \/>\n<link rel=\"canonical\" href=\"https:\/\/bjorntech.com\/sv\/produkt\/fortnox-1000\/\" \/>\n<meta property=\"og:locale\" content=\"sv_SE\" \/>\n<meta property=\"og:type\" content=\"article\" \/>\n<meta property=\"og:title\" content=\"Fortnox Hub f\u00f6r WooCommerce\" \/>\n<meta property=\"og:description\" content=\"H\u00e4r k\u00f6per du prenumerationen f\u00f6r att anv\u00e4nda till\u00e4gget Fortnox Hub for WooCommerce.  Har du inte till\u00e4gget \u00e4n? F\u00f6r att k\u00f6pa prenumerationen beh\u00f6ver du f\u00f6rst installera till\u00e4gget p\u00e5 din WooCommerce-sida och ansluta till\u00e4gget till Fortnox. N\u00e4r detta \u00e4r gjort, anv\u00e4nd din Fortnox authorization code\/installation id som du fick vid anslutningen f\u00f6r att k\u00f6pa prenumerationen h\u00e4r.  Ladda ner till\u00e4gget h\u00e4r\" \/>\n<meta property=\"og:url\" content=\"https:\/\/bjorntech.com\/sv\/produkt\/fortnox-1000\/\" \/>\n<meta property=\"og:site_name\" content=\"BjornTech\" \/>\n<meta property=\"article:modified_time\" content=\"2025-08-15T14:24:53+00:00\" \/>\n<meta property=\"og:image\" content=\"https:\/\/bjorntech.com\/wp-content\/uploads\/fortnox.png\" \/>\n\t<meta property=\"og:image:width\" content=\"1092\" \/>\n\t<meta property=\"og:image:height\" content=\"1308\" \/>\n\t<meta property=\"og:image:type\" content=\"image\/png\" \/>\n<meta name=\"twitter:card\" content=\"summary_large_image\" \/>\n<meta name=\"twitter:label1\" content=\"Pris\" \/>\n\t<meta name=\"twitter:data1\" content=\"&euro;19.00\" \/>\n\t<meta name=\"twitter:label2\" content=\"Tillg\u00e4nglig\" \/>\n\t<meta name=\"twitter:data2\" content=\"I lager\" \/>\n<script type=\"application\/ld+json\" class=\"yoast-schema-graph\">{\"@context\":\"https:\/\/schema.org\",\"@graph\":[{\"@type\":\"WebPage\",\"@id\":\"https:\/\/bjorntech.com\/sv\/produkt\/fortnox-1000\/\",\"url\":\"https:\/\/bjorntech.com\/sv\/produkt\/fortnox-1000\/\",\"name\":\"Fortnox Hub f\u00f6r WooCommerce &#8211; BjornTech\",\"isPartOf\":{\"@id\":\"https:\/\/bjorntech.com\/sv\/#website\"},\"primaryImageOfPage\":{\"@id\":\"https:\/\/bjorntech.com\/sv\/produkt\/fortnox-1000\/#primaryimage\"},\"image\":{\"@id\":\"https:\/\/bjorntech.com\/sv\/produkt\/fortnox-1000\/#primaryimage\"},\"thumbnailUrl\":\"https:\/\/bjorntech.com\/wp-content\/uploads\/fortnox.png\",\"datePublished\":\"2019-12-21T19:45:16+00:00\",\"dateModified\":\"2025-08-15T14:24:53+00:00\",\"breadcrumb\":{\"@id\":\"https:\/\/bjorntech.com\/sv\/produkt\/fortnox-1000\/#breadcrumb\"},\"inLanguage\":\"sv-SE\",\"potentialAction\":[{\"@type\":\"ReadAction\",\"target\":[\"https:\/\/bjorntech.com\/sv\/produkt\/fortnox-1000\/\"]}]},{\"@type\":\"ImageObject\",\"inLanguage\":\"sv-SE\",\"@id\":\"https:\/\/bjorntech.com\/sv\/produkt\/fortnox-1000\/#primaryimage\",\"url\":\"https:\/\/bjorntech.com\/wp-content\/uploads\/fortnox.png\",\"contentUrl\":\"https:\/\/bjorntech.com\/wp-content\/uploads\/fortnox.png\",\"width\":1092,\"height\":1308},{\"@type\":\"BreadcrumbList\",\"@id\":\"https:\/\/bjorntech.com\/sv\/produkt\/fortnox-1000\/#breadcrumb\",\"itemListElement\":[{\"@type\":\"ListItem\",\"position\":1,\"name\":\"Hem\",\"item\":\"https:\/\/bjorntech.com\/sv\/\"},{\"@type\":\"ListItem\",\"position\":2,\"name\":\"Webbutik\",\"item\":\"https:\/\/bjorntech.com\/sv\/?page_id=24938\"},{\"@type\":\"ListItem\",\"position\":3,\"name\":\"Fortnox Hub f\u00f6r WooCommerce\"}]},{\"@type\":\"WebSite\",\"@id\":\"https:\/\/bjorntech.com\/sv\/#website\",\"url\":\"https:\/\/bjorntech.com\/sv\/\",\"name\":\"BjornTech\",\"description\":\"e-commerce made easy\",\"publisher\":{\"@id\":\"https:\/\/bjorntech.com\/sv\/#organization\"},\"potentialAction\":[{\"@type\":\"SearchAction\",\"target\":{\"@type\":\"EntryPoint\",\"urlTemplate\":\"https:\/\/bjorntech.com\/sv\/?s={search_term_string}\"},\"query-input\":{\"@type\":\"PropertyValueSpecification\",\"valueRequired\":true,\"valueName\":\"search_term_string\"}}],\"inLanguage\":\"sv-SE\"},{\"@type\":\"Organization\",\"@id\":\"https:\/\/bjorntech.com\/sv\/#organization\",\"name\":\"BjornTech - eCommerce made easy\",\"url\":\"https:\/\/bjorntech.com\/sv\/\",\"logo\":{\"@type\":\"ImageObject\",\"inLanguage\":\"sv-SE\",\"@id\":\"https:\/\/bjorntech.com\/sv\/#\/schema\/logo\/image\/\",\"url\":\"https:\/\/bjorntech.com\/wp-content\/uploads\/BjornTechNy.png\",\"contentUrl\":\"https:\/\/bjorntech.com\/wp-content\/uploads\/BjornTechNy.png\",\"width\":534,\"height\":265,\"caption\":\"BjornTech - eCommerce made easy\"},\"image\":{\"@id\":\"https:\/\/bjorntech.com\/sv\/#\/schema\/logo\/image\/\"}}]}<\/script>\n<meta property=\"product:price:amount\" content=\"19.00\" \/>\n<meta property=\"product:price:currency\" content=\"EUR\" \/>\n<meta property=\"og:availability\" content=\"instock\" \/>\n<meta property=\"product:availability\" content=\"instock\" \/>\n<meta property=\"product:condition\" content=\"new\" \/>\n<!-- \/ Yoast SEO Premium plugin. -->","yoast_head_json":{"title":"Fortnox Hub f\u00f6r WooCommerce &#8211; BjornTech","robots":{"index":"index","follow":"follow","max-snippet":"max-snippet:-1","max-image-preview":"max-image-preview:large","max-video-preview":"max-video-preview:-1"},"canonical":"https:\/\/bjorntech.com\/sv\/produkt\/fortnox-1000\/","og_locale":"sv_SE","og_type":"article","og_title":"Fortnox Hub f\u00f6r WooCommerce","og_description":"H\u00e4r k\u00f6per du prenumerationen f\u00f6r att anv\u00e4nda till\u00e4gget Fortnox Hub for WooCommerce.  Har du inte till\u00e4gget \u00e4n? F\u00f6r att k\u00f6pa prenumerationen beh\u00f6ver du f\u00f6rst installera till\u00e4gget p\u00e5 din WooCommerce-sida och ansluta till\u00e4gget till Fortnox. N\u00e4r detta \u00e4r gjort, anv\u00e4nd din Fortnox authorization code\/installation id som du fick vid anslutningen f\u00f6r att k\u00f6pa prenumerationen h\u00e4r.  Ladda ner till\u00e4gget h\u00e4r","og_url":"https:\/\/bjorntech.com\/sv\/produkt\/fortnox-1000\/","og_site_name":"BjornTech","article_modified_time":"2025-08-15T14:24:53+00:00","og_image":[{"width":1092,"height":1308,"url":"https:\/\/bjorntech.com\/wp-content\/uploads\/fortnox.png","type":"image\/png"}],"twitter_card":"summary_large_image","twitter_misc":{"Pris":"&euro;19.00","Tillg\u00e4nglig":"I lager"},"schema":{"@context":"https:\/\/schema.org","@graph":[{"@type":"WebPage","@id":"https:\/\/bjorntech.com\/sv\/produkt\/fortnox-1000\/","url":"https:\/\/bjorntech.com\/sv\/produkt\/fortnox-1000\/","name":"Fortnox Hub f\u00f6r WooCommerce &#8211; BjornTech","isPartOf":{"@id":"https:\/\/bjorntech.com\/sv\/#website"},"primaryImageOfPage":{"@id":"https:\/\/bjorntech.com\/sv\/produkt\/fortnox-1000\/#primaryimage"},"image":{"@id":"https:\/\/bjorntech.com\/sv\/produkt\/fortnox-1000\/#primaryimage"},"thumbnailUrl":"https:\/\/bjorntech.com\/wp-content\/uploads\/fortnox.png","datePublished":"2019-12-21T19:45:16+00:00","dateModified":"2025-08-15T14:24:53+00:00","breadcrumb":{"@id":"https:\/\/bjorntech.com\/sv\/produkt\/fortnox-1000\/#breadcrumb"},"inLanguage":"sv-SE","potentialAction":[{"@type":"ReadAction","target":["https:\/\/bjorntech.com\/sv\/produkt\/fortnox-1000\/"]}]},{"@type":"ImageObject","inLanguage":"sv-SE","@id":"https:\/\/bjorntech.com\/sv\/produkt\/fortnox-1000\/#primaryimage","url":"https:\/\/bjorntech.com\/wp-content\/uploads\/fortnox.png","contentUrl":"https:\/\/bjorntech.com\/wp-content\/uploads\/fortnox.png","width":1092,"height":1308},{"@type":"BreadcrumbList","@id":"https:\/\/bjorntech.com\/sv\/produkt\/fortnox-1000\/#breadcrumb","itemListElement":[{"@type":"ListItem","position":1,"name":"Hem","item":"https:\/\/bjorntech.com\/sv\/"},{"@type":"ListItem","position":2,"name":"Webbutik","item":"https:\/\/bjorntech.com\/sv\/?page_id=24938"},{"@type":"ListItem","position":3,"name":"Fortnox Hub f\u00f6r WooCommerce"}]},{"@type":"WebSite","@id":"https:\/\/bjorntech.com\/sv\/#website","url":"https:\/\/bjorntech.com\/sv\/","name":"BjornTech","description":"e-commerce made easy","publisher":{"@id":"https:\/\/bjorntech.com\/sv\/#organization"},"potentialAction":[{"@type":"SearchAction","target":{"@type":"EntryPoint","urlTemplate":"https:\/\/bjorntech.com\/sv\/?s={search_term_string}"},"query-input":{"@type":"PropertyValueSpecification","valueRequired":true,"valueName":"search_term_string"}}],"inLanguage":"sv-SE"},{"@type":"Organization","@id":"https:\/\/bjorntech.com\/sv\/#organization","name":"BjornTech - eCommerce made easy","url":"https:\/\/bjorntech.com\/sv\/","logo":{"@type":"ImageObject","inLanguage":"sv-SE","@id":"https:\/\/bjorntech.com\/sv\/#\/schema\/logo\/image\/","url":"https:\/\/bjorntech.com\/wp-content\/uploads\/BjornTechNy.png","contentUrl":"https:\/\/bjorntech.com\/wp-content\/uploads\/BjornTechNy.png","width":534,"height":265,"caption":"BjornTech - eCommerce made easy"},"image":{"@id":"https:\/\/bjorntech.com\/sv\/#\/schema\/logo\/image\/"}}]},"product_price_amount":"19.00","product_price_currency":"EUR","og_availability":"instock","product_availability":"instock","product_condition":"new"},"_links":{"self":[{"href":"https:\/\/bjorntech.com\/sv\/wp-json\/wp\/v2\/product\/29604","targetHints":{"allow":["GET"]}}],"collection":[{"href":"https:\/\/bjorntech.com\/sv\/wp-json\/wp\/v2\/product"}],"about":[{"href":"https:\/\/bjorntech.com\/sv\/wp-json\/wp\/v2\/types\/product"}],"wp:featuredmedia":[{"embeddable":true,"href":"https:\/\/bjorntech.com\/sv\/wp-json\/wp\/v2\/media\/39937"}],"wp:attachment":[{"href":"https:\/\/bjorntech.com\/sv\/wp-json\/wp\/v2\/media?parent=29604"}],"wp:term":[{"taxonomy":"product_brand","embeddable":true,"href":"https:\/\/bjorntech.com\/sv\/wp-json\/wp\/v2\/product_brand?post=29604"},{"taxonomy":"product_cat","embeddable":true,"href":"https:\/\/bjorntech.com\/sv\/wp-json\/wp\/v2\/product_cat?post=29604"},{"taxonomy":"product_tag","embeddable":true,"href":"https:\/\/bjorntech.com\/sv\/wp-json\/wp\/v2\/product_tag?post=29604"}],"curies":[{"name":"wp","href":"https:\/\/api.w.org\/{rel}","templated":true}]}}