{"id":25317,"date":"2019-01-30T06:19:05","date_gmt":"2019-01-30T05:19:05","guid":{"rendered":"https:\/\/bjorntech.se\/product\/woocommerce-izettle-integration-ett-ar-realtid\/"},"modified":"2025-11-14T21:36:16","modified_gmt":"2025-11-14T20:36:16","slug":"woocommerce-zettle-integration-automatisk-synk","status":"publish","type":"product","link":"https:\/\/bjorntech.com\/sv\/produkt\/woocommerce-zettle-integration-automatisk-synk\/","title":{"rendered":"PayPal POS integration for WooCommerce prenumeration"},"content":{"rendered":"\n\n\n<p>\u00c4r du tr\u00f6tt p\u00e5 att st\u00e4ndigt beh\u00f6va synka k\u00f6p mellan din WooCommerce-butik och PayPal POS? R\u00e4ddningen \u00e4r h\u00e4r! PayPal POS Integration for WooCommerce \u00e4r ett till\u00e4gg som g\u00f6r manuell synkronisering mellan PayPal POS och WooCommerce till ett minne blott. Genom att installera detta till\u00e4gg kan du automatiskt:<\/p>\n\n\n\n<ul class=\"wp-block-list\">\n<li>Uppdatera PayPal POS med alla (eller din valda delm\u00e4ngd av) produkter fr\u00e5n WooCommerce.<\/li>\n\n\n\n<li>Uppdatera PayPal POS lagerniv\u00e5 med din WooCommerce-lagerniv\u00e5.<\/li>\n\n\n\n<li>Importera alla PayPal POS-k\u00f6p och till\u00e4mpa en av funktionerna nedan n\u00e4r ett nytt k\u00f6p inkommer:\n<ul class=\"wp-block-list\">\n<li>Skapa en order i WooCommerce och genom detta \u00e4ndra lagerniv\u00e5v\u00e4rden. Detta uppdaterar \u00e4ven f\u00f6rs\u00e4ljningsstatistik som kan anv\u00e4ndas f\u00f6r bokf\u00f6rings\u00e4ndam\u00e5l.<\/li>\n\n\n\n<li>\u00c4ndra lagerniv\u00e5n (\u00f6ka eller minska beroende p\u00e5 om det var ett k\u00f6p eller en \u00e5terbetalning).<\/li>\n\n\n\n<li>G\u00f6r ingenting. Du kan helt enkelt anv\u00e4nda den nedladdade kopian av k\u00f6pinformationen f\u00f6r loggnings\u00e4ndam\u00e5l eller n\u00e5got helt annat!<\/li>\n<\/ul>\n<\/li>\n<\/ul>\n\n\n\n<p>N\u00e4r du f\u00f6rst laddar ner till\u00e4gget kan du anv\u00e4nda den automatiska synkroniseringen gratis i en vecka. Du betalar en prenumeration per PayPal POS-konto som kan anv\u00e4ndas f\u00f6r flera webbplatser n\u00e4r du k\u00f6r det i dina live- och testsystem.<\/p>\n\n\n\n<p>Prenumerationen kan k\u00f6pas f\u00f6r en m\u00e5nad eller ett \u00e5r i taget.<\/p>\n\n\n\n<p>Bjorntech &#8211; eCommerce made easy!<\/p>\n","protected":false},"excerpt":{"rendered":"<p>H\u00e4r k\u00f6per du prenumerationen f\u00f6r att anv\u00e4nda till\u00e4gget PayPal POS integration for WooCommerce.<\/p>\n<div style=\"background-color: #f0f0f0; border: 2px solid #000; border-radius: 8px; padding: 20px; max-width: 600px; margin: 20px auto; font-family: Arial, sans-serif; line-height: 1.5; box-shadow: 0 2px 5px rgba(0,0,0,0.1); transition: border-color 0.3s ease;\" onmouseover=\"this.style.borderColor='rgba(0,0,0,0)';\" onmouseout=\"this.style.borderColor='#000';\">\n<div style=\"font-weight: bold; margin-bottom: 10px;\">Har du inte till\u00e4gget \u00e4n?<\/div>\n<p>F\u00f6r att k\u00f6pa prenumerationen beh\u00f6ver du f\u00f6rst installera till\u00e4gget p\u00e5 din WooCommerce-sida och ansluta till\u00e4gget till PayPal POS. N\u00e4r detta \u00e4r gjort, anv\u00e4nd det PayPal POS-token\/installation id som du fick vid anslutningen f\u00f6r att k\u00f6pa prenumerationen h\u00e4r.<\/p>\n<p> <a href=\"https:\/\/wordpress.org\/plugins\/woo-izettle-integration\/\" style=\"display: inline-block; background-color: #d17f5a; color: white; text-decoration: none; padding: 12px 24px; border-radius: 4px; font-weight: bold; margin-top: 15px; transition: background-color 0.3s ease;\" onmouseover=\"this.style.backgroundColor='#bd6a47';\" onmouseout=\"this.style.backgroundColor='#d17f5a';\">Ladda ner till\u00e4gget h\u00e4r<\/a> <\/div>\n","protected":false},"featured_media":54837,"template":"","meta":[],"product_brand":[],"product_cat":[44],"product_tag":[],"class_list":{"0":"post-25317","1":"product","2":"type-product","3":"status-publish","4":"has-post-thumbnail","6":"product_cat-izettle-sv","8":"first","9":"instock","10":"sold-individually","11":"taxable","12":"shipping-taxable","13":"purchasable","14":"product-type-variable-subscription"},"yoast_head":"<!-- This site is optimized with the Yoast SEO Premium plugin v27.1 (Yoast SEO v27.1.1) - https:\/\/yoast.com\/product\/yoast-seo-premium-wordpress\/ -->\n<title>PayPal POS integration for WooCommerce prenumeration &#8211; BjornTech<\/title>\n<meta name=\"description\" content=\"Synkronisera alla produkter och lagerniv\u00e5er mellan WooCommerce och Zettle.\" \/>\n<meta name=\"robots\" content=\"index, follow, max-snippet:-1, max-image-preview:large, max-video-preview:-1\" \/>\n<link rel=\"canonical\" href=\"https:\/\/bjorntech.com\/sv\/produkt\/woocommerce-zettle-integration-automatisk-synk\/\" \/>\n<meta property=\"og:locale\" content=\"sv_SE\" \/>\n<meta property=\"og:type\" content=\"article\" \/>\n<meta property=\"og:title\" content=\"PayPal POS integration for WooCommerce prenumeration\" \/>\n<meta property=\"og:description\" content=\"Synkronisera alla produkter och lagerniv\u00e5er mellan WooCommerce och Zettle.\" \/>\n<meta property=\"og:url\" content=\"https:\/\/bjorntech.com\/sv\/produkt\/woocommerce-zettle-integration-automatisk-synk\/\" \/>\n<meta property=\"og:site_name\" content=\"BjornTech\" \/>\n<meta property=\"article:modified_time\" content=\"2025-11-14T20:36:16+00:00\" \/>\n<meta property=\"og:image\" content=\"https:\/\/bjorntech.com\/wp-content\/uploads\/paypalpos.png\" \/>\n\t<meta property=\"og:image:width\" content=\"1092\" \/>\n\t<meta property=\"og:image:height\" content=\"1308\" \/>\n\t<meta property=\"og:image:type\" content=\"image\/png\" \/>\n<meta name=\"twitter:card\" content=\"summary_large_image\" \/>\n<meta name=\"twitter:label1\" content=\"Pris\" \/>\n\t<meta name=\"twitter:data1\" content=\"&euro;13.00\" \/>\n\t<meta name=\"twitter:label2\" content=\"Tillg\u00e4nglig\" \/>\n\t<meta name=\"twitter:data2\" content=\"I lager\" \/>\n<script type=\"application\/ld+json\" class=\"yoast-schema-graph\">{\"@context\":\"https:\/\/schema.org\",\"@graph\":[{\"@type\":\"WebPage\",\"@id\":\"https:\/\/bjorntech.com\/sv\/produkt\/woocommerce-zettle-integration-automatisk-synk\/\",\"url\":\"https:\/\/bjorntech.com\/sv\/produkt\/woocommerce-zettle-integration-automatisk-synk\/\",\"name\":\"PayPal POS integration for WooCommerce prenumeration &#8211; BjornTech\",\"isPartOf\":{\"@id\":\"https:\/\/bjorntech.com\/sv\/#website\"},\"primaryImageOfPage\":{\"@id\":\"https:\/\/bjorntech.com\/sv\/produkt\/woocommerce-zettle-integration-automatisk-synk\/#primaryimage\"},\"image\":{\"@id\":\"https:\/\/bjorntech.com\/sv\/produkt\/woocommerce-zettle-integration-automatisk-synk\/#primaryimage\"},\"thumbnailUrl\":\"https:\/\/bjorntech.com\/wp-content\/uploads\/paypalpos.png\",\"datePublished\":\"2019-01-30T05:19:05+00:00\",\"dateModified\":\"2025-11-14T20:36:16+00:00\",\"description\":\"Synkronisera alla produkter och lagerniv\u00e5er mellan WooCommerce och Zettle.\",\"breadcrumb\":{\"@id\":\"https:\/\/bjorntech.com\/sv\/produkt\/woocommerce-zettle-integration-automatisk-synk\/#breadcrumb\"},\"inLanguage\":\"sv-SE\",\"potentialAction\":[{\"@type\":\"ReadAction\",\"target\":[\"https:\/\/bjorntech.com\/sv\/produkt\/woocommerce-zettle-integration-automatisk-synk\/\"]}]},{\"@type\":\"ImageObject\",\"inLanguage\":\"sv-SE\",\"@id\":\"https:\/\/bjorntech.com\/sv\/produkt\/woocommerce-zettle-integration-automatisk-synk\/#primaryimage\",\"url\":\"https:\/\/bjorntech.com\/wp-content\/uploads\/paypalpos.png\",\"contentUrl\":\"https:\/\/bjorntech.com\/wp-content\/uploads\/paypalpos.png\",\"width\":1092,\"height\":1308},{\"@type\":\"BreadcrumbList\",\"@id\":\"https:\/\/bjorntech.com\/sv\/produkt\/woocommerce-zettle-integration-automatisk-synk\/#breadcrumb\",\"itemListElement\":[{\"@type\":\"ListItem\",\"position\":1,\"name\":\"Hem\",\"item\":\"https:\/\/bjorntech.com\/sv\/\"},{\"@type\":\"ListItem\",\"position\":2,\"name\":\"Webbutik\",\"item\":\"https:\/\/bjorntech.com\/sv\/?page_id=24938\"},{\"@type\":\"ListItem\",\"position\":3,\"name\":\"PayPal POS integration for WooCommerce prenumeration\"}]},{\"@type\":\"WebSite\",\"@id\":\"https:\/\/bjorntech.com\/sv\/#website\",\"url\":\"https:\/\/bjorntech.com\/sv\/\",\"name\":\"BjornTech\",\"description\":\"e-commerce made easy\",\"publisher\":{\"@id\":\"https:\/\/bjorntech.com\/sv\/#organization\"},\"potentialAction\":[{\"@type\":\"SearchAction\",\"target\":{\"@type\":\"EntryPoint\",\"urlTemplate\":\"https:\/\/bjorntech.com\/sv\/?s={search_term_string}\"},\"query-input\":{\"@type\":\"PropertyValueSpecification\",\"valueRequired\":true,\"valueName\":\"search_term_string\"}}],\"inLanguage\":\"sv-SE\"},{\"@type\":\"Organization\",\"@id\":\"https:\/\/bjorntech.com\/sv\/#organization\",\"name\":\"BjornTech - eCommerce made easy\",\"url\":\"https:\/\/bjorntech.com\/sv\/\",\"logo\":{\"@type\":\"ImageObject\",\"inLanguage\":\"sv-SE\",\"@id\":\"https:\/\/bjorntech.com\/sv\/#\/schema\/logo\/image\/\",\"url\":\"https:\/\/bjorntech.com\/wp-content\/uploads\/BjornTechNy.png\",\"contentUrl\":\"https:\/\/bjorntech.com\/wp-content\/uploads\/BjornTechNy.png\",\"width\":534,\"height\":265,\"caption\":\"BjornTech - eCommerce made easy\"},\"image\":{\"@id\":\"https:\/\/bjorntech.com\/sv\/#\/schema\/logo\/image\/\"}}]}<\/script>\n<meta property=\"product:price:amount\" content=\"13.00\" \/>\n<meta property=\"product:price:currency\" content=\"EUR\" \/>\n<meta property=\"og:availability\" content=\"instock\" \/>\n<meta property=\"product:availability\" content=\"instock\" \/>\n<meta property=\"product:condition\" content=\"new\" \/>\n<!-- \/ Yoast SEO Premium plugin. -->","yoast_head_json":{"title":"PayPal POS integration for WooCommerce prenumeration &#8211; BjornTech","description":"Synkronisera alla produkter och lagerniv\u00e5er mellan WooCommerce och Zettle.","robots":{"index":"index","follow":"follow","max-snippet":"max-snippet:-1","max-image-preview":"max-image-preview:large","max-video-preview":"max-video-preview:-1"},"canonical":"https:\/\/bjorntech.com\/sv\/produkt\/woocommerce-zettle-integration-automatisk-synk\/","og_locale":"sv_SE","og_type":"article","og_title":"PayPal POS integration for WooCommerce prenumeration","og_description":"Synkronisera alla produkter och lagerniv\u00e5er mellan WooCommerce och Zettle.","og_url":"https:\/\/bjorntech.com\/sv\/produkt\/woocommerce-zettle-integration-automatisk-synk\/","og_site_name":"BjornTech","article_modified_time":"2025-11-14T20:36:16+00:00","og_image":[{"width":1092,"height":1308,"url":"https:\/\/bjorntech.com\/wp-content\/uploads\/paypalpos.png","type":"image\/png"}],"twitter_card":"summary_large_image","twitter_misc":{"Pris":"&euro;13.00","Tillg\u00e4nglig":"I lager"},"schema":{"@context":"https:\/\/schema.org","@graph":[{"@type":"WebPage","@id":"https:\/\/bjorntech.com\/sv\/produkt\/woocommerce-zettle-integration-automatisk-synk\/","url":"https:\/\/bjorntech.com\/sv\/produkt\/woocommerce-zettle-integration-automatisk-synk\/","name":"PayPal POS integration for WooCommerce prenumeration &#8211; BjornTech","isPartOf":{"@id":"https:\/\/bjorntech.com\/sv\/#website"},"primaryImageOfPage":{"@id":"https:\/\/bjorntech.com\/sv\/produkt\/woocommerce-zettle-integration-automatisk-synk\/#primaryimage"},"image":{"@id":"https:\/\/bjorntech.com\/sv\/produkt\/woocommerce-zettle-integration-automatisk-synk\/#primaryimage"},"thumbnailUrl":"https:\/\/bjorntech.com\/wp-content\/uploads\/paypalpos.png","datePublished":"2019-01-30T05:19:05+00:00","dateModified":"2025-11-14T20:36:16+00:00","description":"Synkronisera alla produkter och lagerniv\u00e5er mellan WooCommerce och Zettle.","breadcrumb":{"@id":"https:\/\/bjorntech.com\/sv\/produkt\/woocommerce-zettle-integration-automatisk-synk\/#breadcrumb"},"inLanguage":"sv-SE","potentialAction":[{"@type":"ReadAction","target":["https:\/\/bjorntech.com\/sv\/produkt\/woocommerce-zettle-integration-automatisk-synk\/"]}]},{"@type":"ImageObject","inLanguage":"sv-SE","@id":"https:\/\/bjorntech.com\/sv\/produkt\/woocommerce-zettle-integration-automatisk-synk\/#primaryimage","url":"https:\/\/bjorntech.com\/wp-content\/uploads\/paypalpos.png","contentUrl":"https:\/\/bjorntech.com\/wp-content\/uploads\/paypalpos.png","width":1092,"height":1308},{"@type":"BreadcrumbList","@id":"https:\/\/bjorntech.com\/sv\/produkt\/woocommerce-zettle-integration-automatisk-synk\/#breadcrumb","itemListElement":[{"@type":"ListItem","position":1,"name":"Hem","item":"https:\/\/bjorntech.com\/sv\/"},{"@type":"ListItem","position":2,"name":"Webbutik","item":"https:\/\/bjorntech.com\/sv\/?page_id=24938"},{"@type":"ListItem","position":3,"name":"PayPal POS integration for WooCommerce prenumeration"}]},{"@type":"WebSite","@id":"https:\/\/bjorntech.com\/sv\/#website","url":"https:\/\/bjorntech.com\/sv\/","name":"BjornTech","description":"e-commerce made easy","publisher":{"@id":"https:\/\/bjorntech.com\/sv\/#organization"},"potentialAction":[{"@type":"SearchAction","target":{"@type":"EntryPoint","urlTemplate":"https:\/\/bjorntech.com\/sv\/?s={search_term_string}"},"query-input":{"@type":"PropertyValueSpecification","valueRequired":true,"valueName":"search_term_string"}}],"inLanguage":"sv-SE"},{"@type":"Organization","@id":"https:\/\/bjorntech.com\/sv\/#organization","name":"BjornTech - eCommerce made easy","url":"https:\/\/bjorntech.com\/sv\/","logo":{"@type":"ImageObject","inLanguage":"sv-SE","@id":"https:\/\/bjorntech.com\/sv\/#\/schema\/logo\/image\/","url":"https:\/\/bjorntech.com\/wp-content\/uploads\/BjornTechNy.png","contentUrl":"https:\/\/bjorntech.com\/wp-content\/uploads\/BjornTechNy.png","width":534,"height":265,"caption":"BjornTech - eCommerce made easy"},"image":{"@id":"https:\/\/bjorntech.com\/sv\/#\/schema\/logo\/image\/"}}]},"product_price_amount":"13.00","product_price_currency":"EUR","og_availability":"instock","product_availability":"instock","product_condition":"new"},"_links":{"self":[{"href":"https:\/\/bjorntech.com\/sv\/wp-json\/wp\/v2\/product\/25317","targetHints":{"allow":["GET"]}}],"collection":[{"href":"https:\/\/bjorntech.com\/sv\/wp-json\/wp\/v2\/product"}],"about":[{"href":"https:\/\/bjorntech.com\/sv\/wp-json\/wp\/v2\/types\/product"}],"wp:featuredmedia":[{"embeddable":true,"href":"https:\/\/bjorntech.com\/sv\/wp-json\/wp\/v2\/media\/54837"}],"wp:attachment":[{"href":"https:\/\/bjorntech.com\/sv\/wp-json\/wp\/v2\/media?parent=25317"}],"wp:term":[{"taxonomy":"product_brand","embeddable":true,"href":"https:\/\/bjorntech.com\/sv\/wp-json\/wp\/v2\/product_brand?post=25317"},{"taxonomy":"product_cat","embeddable":true,"href":"https:\/\/bjorntech.com\/sv\/wp-json\/wp\/v2\/product_cat?post=25317"},{"taxonomy":"product_tag","embeddable":true,"href":"https:\/\/bjorntech.com\/sv\/wp-json\/wp\/v2\/product_tag?post=25317"}],"curies":[{"name":"wp","href":"https:\/\/api.w.org\/{rel}","templated":true}]}}