{"id":25310,"date":"2019-01-17T07:34:55","date_gmt":"2019-01-17T06:34:55","guid":{"rendered":"https:\/\/bjorntech.se\/product\/woocommerce-swish-e-commerce-1ar\/"},"modified":"2021-08-20T09:46:28","modified_gmt":"2021-08-20T07:46:28","slug":"swish-old","status":"publish","type":"product","link":"https:\/\/bjorntech.com\/sv\/produkt\/swish-old\/","title":{"rendered":"WooCommerce Swish f\u00f6r Handel &#8211; 1000 betalningar per m\u00e5nad"},"content":{"rendered":"","protected":false},"excerpt":{"rendered":"<p>Detta \u00e4r en prenumeration som till\u00e5ter dig att anv\u00e4nda upp till 1000 betalningar per m\u00e5nad i BjornTech Swish Service.<\/p>\n<p>N\u00e4r du ansluter till BjornTech Swish Service anv\u00e4nder du v\u00e5rt centrala Swish-certifikat. Det inneb\u00e4r att du slipper den komplicerade processen att skapa och hantera ditt eget certifikat.<\/p>\n<p>Du anv\u00e4nder det vanliga till\u00e4gget som du hittar p\u00e5 <a href=\"https:\/\/wordpress.org\/plugins\/woo-swish-e-commerce\/\">Wordpress<\/a>. N\u00e4r du installerat till\u00e4gget beh\u00f6ver du ange oss som Teknisk leverant\u00f6r. Anv\u00e4nd v\u00e5r guide\u00a0f\u00f6r att se hur du g\u00f6r detta i din bank.<\/p>\n<p>&nbsp;<\/p>\n","protected":false},"featured_media":39941,"template":"","meta":[],"product_brand":[],"product_cat":[39],"product_tag":[],"class_list":{"0":"post-25310","1":"product","2":"type-product","3":"status-publish","4":"has-post-thumbnail","6":"product_cat-swish","8":"first","9":"instock","10":"taxable","11":"shipping-taxable","12":"purchasable","13":"product-type-subscription"},"yoast_head":"<!-- This site is optimized with the Yoast SEO Premium plugin v27.4 (Yoast SEO v27.4) - https:\/\/yoast.com\/product\/yoast-seo-premium-wordpress\/ -->\n<title>WooCommerce Swish f\u00f6r Handel - 1000 betalningar per m\u00e5nad &#8211; BjornTech<\/title>\n<meta name=\"robots\" content=\"index, follow, max-snippet:-1, max-image-preview:large, max-video-preview:-1\" \/>\n<link rel=\"canonical\" href=\"https:\/\/bjorntech.com\/sv\/produkt\/swish-old\/\" \/>\n<meta property=\"og:locale\" content=\"sv_SE\" \/>\n<meta property=\"og:type\" content=\"article\" \/>\n<meta property=\"og:title\" content=\"WooCommerce Swish f\u00f6r Handel - 1000 betalningar per m\u00e5nad\" \/>\n<meta property=\"og:description\" content=\"Detta \u00e4r en prenumeration som till\u00e5ter dig att anv\u00e4nda upp till 1000 betalningar per m\u00e5nad i BjornTech Swish Service.  N\u00e4r du ansluter till BjornTech Swish Service anv\u00e4nder du v\u00e5rt centrala Swish-certifikat. Det inneb\u00e4r att du slipper den komplicerade processen att skapa och hantera ditt eget certifikat.  Du anv\u00e4nder det vanliga till\u00e4gget som du hittar p\u00e5 Wordpress. N\u00e4r du installerat till\u00e4gget beh\u00f6ver du ange oss som Teknisk leverant\u00f6r. Anv\u00e4nd v\u00e5r guide\u00a0f\u00f6r att se hur du g\u00f6r detta i din bank.  &nbsp;\" \/>\n<meta property=\"og:url\" content=\"https:\/\/bjorntech.com\/sv\/produkt\/swish-old\/\" \/>\n<meta property=\"og:site_name\" content=\"BjornTech\" \/>\n<meta property=\"article:modified_time\" content=\"2021-08-20T07:46:28+00:00\" \/>\n<meta property=\"og:image\" content=\"https:\/\/bjorntech.com\/wp-content\/uploads\/icon-256x256-1.png\" \/>\n\t<meta property=\"og:image:width\" content=\"256\" \/>\n\t<meta property=\"og:image:height\" content=\"256\" \/>\n\t<meta property=\"og:image:type\" content=\"image\/png\" \/>\n<meta name=\"twitter:card\" content=\"summary_large_image\" \/>\n<meta name=\"twitter:label1\" content=\"Pris\" \/>\n\t<meta name=\"twitter:data1\" content=\"&euro;60.00\" \/>\n\t<meta name=\"twitter:label2\" content=\"Tillg\u00e4nglig\" \/>\n\t<meta name=\"twitter:data2\" content=\"I lager\" \/>\n<script type=\"application\/ld+json\" class=\"yoast-schema-graph\">{\"@context\":\"https:\\\/\\\/schema.org\",\"@graph\":[{\"@type\":\"WebPage\",\"@id\":\"https:\\\/\\\/bjorntech.com\\\/sv\\\/produkt\\\/swish-old\\\/\",\"url\":\"https:\\\/\\\/bjorntech.com\\\/sv\\\/produkt\\\/swish-old\\\/\",\"name\":\"WooCommerce Swish f\u00f6r Handel - 1000 betalningar per m\u00e5nad &#8211; BjornTech\",\"isPartOf\":{\"@id\":\"https:\\\/\\\/bjorntech.com\\\/sv\\\/#website\"},\"primaryImageOfPage\":{\"@id\":\"https:\\\/\\\/bjorntech.com\\\/sv\\\/produkt\\\/swish-old\\\/#primaryimage\"},\"image\":{\"@id\":\"https:\\\/\\\/bjorntech.com\\\/sv\\\/produkt\\\/swish-old\\\/#primaryimage\"},\"thumbnailUrl\":\"https:\\\/\\\/bjorntech.com\\\/wp-content\\\/uploads\\\/swish.png\",\"datePublished\":\"2019-01-17T06:34:55+00:00\",\"dateModified\":\"2021-08-20T07:46:28+00:00\",\"breadcrumb\":{\"@id\":\"https:\\\/\\\/bjorntech.com\\\/sv\\\/produkt\\\/swish-old\\\/#breadcrumb\"},\"inLanguage\":\"sv-SE\",\"potentialAction\":[{\"@type\":\"ReadAction\",\"target\":[\"https:\\\/\\\/bjorntech.com\\\/sv\\\/produkt\\\/swish-old\\\/\"]}]},{\"@type\":\"ImageObject\",\"inLanguage\":\"sv-SE\",\"@id\":\"https:\\\/\\\/bjorntech.com\\\/sv\\\/produkt\\\/swish-old\\\/#primaryimage\",\"url\":\"https:\\\/\\\/bjorntech.com\\\/wp-content\\\/uploads\\\/swish.png\",\"contentUrl\":\"https:\\\/\\\/bjorntech.com\\\/wp-content\\\/uploads\\\/swish.png\",\"width\":1092,\"height\":1308},{\"@type\":\"BreadcrumbList\",\"@id\":\"https:\\\/\\\/bjorntech.com\\\/sv\\\/produkt\\\/swish-old\\\/#breadcrumb\",\"itemListElement\":[{\"@type\":\"ListItem\",\"position\":1,\"name\":\"Hem\",\"item\":\"https:\\\/\\\/bjorntech.com\\\/sv\\\/\"},{\"@type\":\"ListItem\",\"position\":2,\"name\":\"Webbutik\",\"item\":\"https:\\\/\\\/bjorntech.com\\\/sv\\\/?page_id=24938\"},{\"@type\":\"ListItem\",\"position\":3,\"name\":\"WooCommerce Swish f\u00f6r Handel &#8211; 1000 betalningar per m\u00e5nad\"}]},{\"@type\":\"WebSite\",\"@id\":\"https:\\\/\\\/bjorntech.com\\\/sv\\\/#website\",\"url\":\"https:\\\/\\\/bjorntech.com\\\/sv\\\/\",\"name\":\"BjornTech\",\"description\":\"e-commerce made easy\",\"publisher\":{\"@id\":\"https:\\\/\\\/bjorntech.com\\\/sv\\\/#organization\"},\"potentialAction\":[{\"@type\":\"SearchAction\",\"target\":{\"@type\":\"EntryPoint\",\"urlTemplate\":\"https:\\\/\\\/bjorntech.com\\\/sv\\\/?s={search_term_string}\"},\"query-input\":{\"@type\":\"PropertyValueSpecification\",\"valueRequired\":true,\"valueName\":\"search_term_string\"}}],\"inLanguage\":\"sv-SE\"},{\"@type\":\"Organization\",\"@id\":\"https:\\\/\\\/bjorntech.com\\\/sv\\\/#organization\",\"name\":\"BjornTech - eCommerce made easy\",\"url\":\"https:\\\/\\\/bjorntech.com\\\/sv\\\/\",\"logo\":{\"@type\":\"ImageObject\",\"inLanguage\":\"sv-SE\",\"@id\":\"https:\\\/\\\/bjorntech.com\\\/sv\\\/#\\\/schema\\\/logo\\\/image\\\/\",\"url\":\"https:\\\/\\\/bjorntech.com\\\/wp-content\\\/uploads\\\/BjornTechNy.png\",\"contentUrl\":\"https:\\\/\\\/bjorntech.com\\\/wp-content\\\/uploads\\\/BjornTechNy.png\",\"width\":534,\"height\":265,\"caption\":\"BjornTech - eCommerce made easy\"},\"image\":{\"@id\":\"https:\\\/\\\/bjorntech.com\\\/sv\\\/#\\\/schema\\\/logo\\\/image\\\/\"}}]}<\/script>\n<meta property=\"product:price:amount\" content=\"60.00\" \/>\n<meta property=\"product:price:currency\" content=\"EUR\" \/>\n<meta property=\"og:availability\" content=\"instock\" \/>\n<meta property=\"product:availability\" content=\"instock\" \/>\n<meta property=\"product:condition\" content=\"new\" \/>\n<!-- \/ Yoast SEO Premium plugin. -->","yoast_head_json":{"title":"WooCommerce Swish f\u00f6r Handel - 1000 betalningar per m\u00e5nad &#8211; BjornTech","robots":{"index":"index","follow":"follow","max-snippet":"max-snippet:-1","max-image-preview":"max-image-preview:large","max-video-preview":"max-video-preview:-1"},"canonical":"https:\/\/bjorntech.com\/sv\/produkt\/swish-old\/","og_locale":"sv_SE","og_type":"article","og_title":"WooCommerce Swish f\u00f6r Handel - 1000 betalningar per m\u00e5nad","og_description":"Detta \u00e4r en prenumeration som till\u00e5ter dig att anv\u00e4nda upp till 1000 betalningar per m\u00e5nad i BjornTech Swish Service.  N\u00e4r du ansluter till BjornTech Swish Service anv\u00e4nder du v\u00e5rt centrala Swish-certifikat. Det inneb\u00e4r att du slipper den komplicerade processen att skapa och hantera ditt eget certifikat.  Du anv\u00e4nder det vanliga till\u00e4gget som du hittar p\u00e5 Wordpress. N\u00e4r du installerat till\u00e4gget beh\u00f6ver du ange oss som Teknisk leverant\u00f6r. Anv\u00e4nd v\u00e5r guide\u00a0f\u00f6r att se hur du g\u00f6r detta i din bank.  &nbsp;","og_url":"https:\/\/bjorntech.com\/sv\/produkt\/swish-old\/","og_site_name":"BjornTech","article_modified_time":"2021-08-20T07:46:28+00:00","og_image":[{"width":256,"height":256,"url":"https:\/\/bjorntech.com\/wp-content\/uploads\/icon-256x256-1.png","type":"image\/png"}],"twitter_card":"summary_large_image","twitter_misc":{"Pris":"&euro;60.00","Tillg\u00e4nglig":"I lager"},"schema":{"@context":"https:\/\/schema.org","@graph":[{"@type":"WebPage","@id":"https:\/\/bjorntech.com\/sv\/produkt\/swish-old\/","url":"https:\/\/bjorntech.com\/sv\/produkt\/swish-old\/","name":"WooCommerce Swish f\u00f6r Handel - 1000 betalningar per m\u00e5nad &#8211; BjornTech","isPartOf":{"@id":"https:\/\/bjorntech.com\/sv\/#website"},"primaryImageOfPage":{"@id":"https:\/\/bjorntech.com\/sv\/produkt\/swish-old\/#primaryimage"},"image":{"@id":"https:\/\/bjorntech.com\/sv\/produkt\/swish-old\/#primaryimage"},"thumbnailUrl":"https:\/\/bjorntech.com\/wp-content\/uploads\/swish.png","datePublished":"2019-01-17T06:34:55+00:00","dateModified":"2021-08-20T07:46:28+00:00","breadcrumb":{"@id":"https:\/\/bjorntech.com\/sv\/produkt\/swish-old\/#breadcrumb"},"inLanguage":"sv-SE","potentialAction":[{"@type":"ReadAction","target":["https:\/\/bjorntech.com\/sv\/produkt\/swish-old\/"]}]},{"@type":"ImageObject","inLanguage":"sv-SE","@id":"https:\/\/bjorntech.com\/sv\/produkt\/swish-old\/#primaryimage","url":"https:\/\/bjorntech.com\/wp-content\/uploads\/swish.png","contentUrl":"https:\/\/bjorntech.com\/wp-content\/uploads\/swish.png","width":1092,"height":1308},{"@type":"BreadcrumbList","@id":"https:\/\/bjorntech.com\/sv\/produkt\/swish-old\/#breadcrumb","itemListElement":[{"@type":"ListItem","position":1,"name":"Hem","item":"https:\/\/bjorntech.com\/sv\/"},{"@type":"ListItem","position":2,"name":"Webbutik","item":"https:\/\/bjorntech.com\/sv\/?page_id=24938"},{"@type":"ListItem","position":3,"name":"WooCommerce Swish f\u00f6r Handel &#8211; 1000 betalningar per m\u00e5nad"}]},{"@type":"WebSite","@id":"https:\/\/bjorntech.com\/sv\/#website","url":"https:\/\/bjorntech.com\/sv\/","name":"BjornTech","description":"e-commerce made easy","publisher":{"@id":"https:\/\/bjorntech.com\/sv\/#organization"},"potentialAction":[{"@type":"SearchAction","target":{"@type":"EntryPoint","urlTemplate":"https:\/\/bjorntech.com\/sv\/?s={search_term_string}"},"query-input":{"@type":"PropertyValueSpecification","valueRequired":true,"valueName":"search_term_string"}}],"inLanguage":"sv-SE"},{"@type":"Organization","@id":"https:\/\/bjorntech.com\/sv\/#organization","name":"BjornTech - eCommerce made easy","url":"https:\/\/bjorntech.com\/sv\/","logo":{"@type":"ImageObject","inLanguage":"sv-SE","@id":"https:\/\/bjorntech.com\/sv\/#\/schema\/logo\/image\/","url":"https:\/\/bjorntech.com\/wp-content\/uploads\/BjornTechNy.png","contentUrl":"https:\/\/bjorntech.com\/wp-content\/uploads\/BjornTechNy.png","width":534,"height":265,"caption":"BjornTech - eCommerce made easy"},"image":{"@id":"https:\/\/bjorntech.com\/sv\/#\/schema\/logo\/image\/"}}]},"product_price_amount":"60.00","product_price_currency":"EUR","og_availability":"instock","product_availability":"instock","product_condition":"new"},"_links":{"self":[{"href":"https:\/\/bjorntech.com\/sv\/wp-json\/wp\/v2\/product\/25310","targetHints":{"allow":["GET"]}}],"collection":[{"href":"https:\/\/bjorntech.com\/sv\/wp-json\/wp\/v2\/product"}],"about":[{"href":"https:\/\/bjorntech.com\/sv\/wp-json\/wp\/v2\/types\/product"}],"wp:featuredmedia":[{"embeddable":true,"href":"https:\/\/bjorntech.com\/sv\/wp-json\/wp\/v2\/media\/39941"}],"wp:attachment":[{"href":"https:\/\/bjorntech.com\/sv\/wp-json\/wp\/v2\/media?parent=25310"}],"wp:term":[{"taxonomy":"product_brand","embeddable":true,"href":"https:\/\/bjorntech.com\/sv\/wp-json\/wp\/v2\/product_brand?post=25310"},{"taxonomy":"product_cat","embeddable":true,"href":"https:\/\/bjorntech.com\/sv\/wp-json\/wp\/v2\/product_cat?post=25310"},{"taxonomy":"product_tag","embeddable":true,"href":"https:\/\/bjorntech.com\/sv\/wp-json\/wp\/v2\/product_tag?post=25310"}],"curies":[{"name":"wp","href":"https:\/\/api.w.org\/{rel}","templated":true}]}}