{"id":40044,"date":"2022-07-21T14:34:14","date_gmt":"2022-07-21T12:34:14","guid":{"rendered":"https:\/\/bjorntech.com\/produkter\/"},"modified":"2022-07-21T14:34:14","modified_gmt":"2022-07-21T12:34:14","slug":"produkter","status":"publish","type":"page","link":"https:\/\/bjorntech.com\/sv\/produkter\/","title":{"rendered":"Produkter"},"content":{"rendered":"\n<div class=\"row\"  id=\"row-975163698\">\n\n\n\t<div id=\"col-2107113883\" class=\"col medium-10 small-12 large-10\"  >\n\t\t\t\t<div class=\"col-inner\"  >\n\t\t\t\n\t\t\t\n\n\t<div id=\"gap-1689308747\" class=\"gap-element clearfix\" style=\"display:block; height:auto;\">\n\t\t\n<style>\n#gap-1689308747 {\n  padding-top: 50px;\n}\n<\/style>\n\t<\/div>\n\t\n\n<div class=\"container section-title-container\" ><h1 class=\"section-title section-title-normal\"><b aria-hidden=\"true\"><\/b><span class=\"section-title-main\" style=\"font-size:142%;\">V\u00e5ra produkter<\/span><b aria-hidden=\"true\"><\/b><\/h1><\/div>\n\n<div class=\"row\"  id=\"row-1160329530\">\n\n\n\t<div id=\"col-192270875\" class=\"col medium-6 small-12 large-6\"  >\n\t\t\t\t<div class=\"col-inner\"  >\n\t\t\t\n\t\t\t\n\nBjornTech har skapat flera l\u00f6sningar som integrerar med Fortnox Zettle, Swish, m.m som hj\u00e4lper dig att spara in mycket p\u00e5 administrativt arbete. V\u00e5r filosofi \u00e4r att allt fr\u00e5n betalning till bokf\u00f6ring ska ske automatiskt utan manuell handp\u00e5l\u00e4ggning.\r\n\r\n\u00e5t oss hj\u00e4lpa dig att fokusera p\u00e5 din e-handel ist\u00e4llet f\u00f6r administrativt arbete.\n\n\t\t<\/div>\n\t\t\t\t\t<\/div>\n\n\t\n\n\t<div id=\"col-522015497\" class=\"col medium-6 small-12 large-6\"  >\n\t\t\t\t<div class=\"col-inner\"  >\n\t\t\t\n\t\t\t\n\n\t<div class=\"img has-hover x md-x lg-x y md-y lg-y\" id=\"image_1627354350\">\n\t\t\t\t\t\t\t\t<div class=\"img-inner dark\" >\n\t\t\t<img loading=\"lazy\" decoding=\"async\" width=\"208\" height=\"169\" src=\"https:\/\/bjorntech.com\/wp-content\/uploads\/curved_arrow.png\" class=\"attachment-large size-large\" alt=\"\" srcset=\"https:\/\/bjorntech.com\/wp-content\/uploads\/curved_arrow.png 208w, https:\/\/bjorntech.com\/wp-content\/uploads\/curved_arrow-50x41.png 50w\" sizes=\"auto, (max-width: 208px) 100vw, 208px\" \/>\t\t\t\t\t\t\n\t\t\t\t\t<\/div>\n\t\t\t\t\t\t\t\t\n<style>\n#image_1627354350 {\n  width: 56%;\n}\n<\/style>\n\t<\/div>\n\t\n\n\n\t\t<\/div>\n\t\t\t\t\t<\/div>\n\n\t\n\n<\/div>\n\t<div id=\"gap-1111742932\" class=\"gap-element clearfix\" style=\"display:block; height:auto;\">\n\t\t\n<style>\n#gap-1111742932 {\n  padding-top: 50px;\n}\n<\/style>\n\t<\/div>\n\t\n\n\t\n  \n    <div class=\"row  equalize-box large-columns-4 medium-columns-3 small-columns-2 row-small slider row-slider slider-nav-simple slider-nav-push\"  data-flickity-options='{&quot;imagesLoaded&quot;: true, &quot;groupCells&quot;: &quot;100%&quot;, &quot;dragThreshold&quot; : 5, &quot;cellAlign&quot;: &quot;left&quot;,&quot;wrapAround&quot;: true,&quot;prevNextButtons&quot;: true,&quot;percentPosition&quot;: true,&quot;pageDots&quot;: false, &quot;rightToLeft&quot;: false, &quot;autoPlay&quot; : false}' >\n\n  \n\t     <div class=\"col\" data-animate=\"bounceInUp\">\n\t\t\t\t\t\t<div class=\"col-inner\">\n\t\t\t\t\t\t\n<div class=\"badge-container absolute left top z-1\">\n\n<\/div>\n\t\t\t\t\t\t<div class=\"product-small box has-hover box-bounce box-text-bottom\">\n\t\t\t\t\t\t\t<div class=\"box-image\" >\n\t\t\t\t\t\t\t\t<div class=\"\" >\n\t\t\t\t\t\t\t\t\t<a href=\"https:\/\/bjorntech.com\/sv\/produkt\/woocommerce-swish\/\" aria-label=\"WooCommerce Swish f\u00f6r Handel\">\n\t\t\t\t\t\t\t\t\t\t<img loading=\"lazy\" decoding=\"async\" width=\"247\" height=\"296\" src=\"https:\/\/bjorntech.com\/wp-content\/uploads\/swish-247x296.png\" class=\"attachment-woocommerce_thumbnail size-woocommerce_thumbnail\" alt=\"WooCommerce Swish f\u00f6r Handel\" srcset=\"https:\/\/bjorntech.com\/wp-content\/uploads\/swish-247x296.png 247w, https:\/\/bjorntech.com\/wp-content\/uploads\/swish-510x611.png 510w, https:\/\/bjorntech.com\/wp-content\/uploads\/swish-250x300.png 250w, https:\/\/bjorntech.com\/wp-content\/uploads\/swish-855x1024.png 855w, https:\/\/bjorntech.com\/wp-content\/uploads\/swish-768x920.png 768w, https:\/\/bjorntech.com\/wp-content\/uploads\/swish-42x50.png 42w, https:\/\/bjorntech.com\/wp-content\/uploads\/swish-1080x1294.png 1080w, https:\/\/bjorntech.com\/wp-content\/uploads\/swish-980x1174.png 980w, https:\/\/bjorntech.com\/wp-content\/uploads\/swish-480x575.png 480w, https:\/\/bjorntech.com\/wp-content\/uploads\/swish.png 1092w\" sizes=\"auto, (max-width: 247px) 100vw, 247px\" \/>\t\t\t\t\t\t\t\t\t<\/a>\n\t\t\t\t\t\t\t\t\t\t\t\t\t\t\t\t\t\t \t\t\t\t\t\t\t\t<\/div>\n\t\t\t\t\t\t\t\t<div class=\"image-tools top right show-on-hover\">\n\t\t\t\t\t\t\t\t\t\t\t\t\t\t\t\t\t<\/div>\n\t\t\t\t\t\t\t\t\t\t\t\t\t\t\t\t\t<div class=\"image-tools grid-tools text-center hide-for-small bottom hover-slide-in show-on-hover\">\n\t\t\t\t\t\t\t\t\t\t\t\t\t\t\t\t\t\t\t<\/div>\n\t\t\t\t\t\t\t\t\t\t\t\t\t\t\t\t\t\t\t\t\t\t\t<\/div>\n\n\t\t\t\t\t\t\t<div class=\"box-text text-center\" >\n\t\t\t\t\t\t\t\t<div class=\"title-wrapper\"><\/div><div class=\"price-wrapper\"><\/div>\t\t\t\t\t\t\t<\/div>\n\t\t\t\t\t\t<\/div>\n\t\t\t\t\t\t<\/div>\n\t\t\t\t\t<\/div><div class=\"col\" data-animate=\"bounceInUp\">\n\t\t\t\t\t\t<div class=\"col-inner\">\n\t\t\t\t\t\t\n<div class=\"badge-container absolute left top z-1\">\n\n<\/div>\n\t\t\t\t\t\t<div class=\"product-small box has-hover box-bounce box-text-bottom\">\n\t\t\t\t\t\t\t<div class=\"box-image\" >\n\t\t\t\t\t\t\t\t<div class=\"\" >\n\t\t\t\t\t\t\t\t\t<a href=\"https:\/\/bjorntech.com\/sv\/produkt\/fortnox-1000\/\" aria-label=\"Fortnox Hub f\u00f6r WooCommerce\">\n\t\t\t\t\t\t\t\t\t\t<img loading=\"lazy\" decoding=\"async\" width=\"247\" height=\"296\" src=\"https:\/\/bjorntech.com\/wp-content\/uploads\/fortnox-247x296.png\" class=\"attachment-woocommerce_thumbnail size-woocommerce_thumbnail\" alt=\"Fortnox Hub f\u00f6r WooCommerce\" srcset=\"https:\/\/bjorntech.com\/wp-content\/uploads\/fortnox-247x296.png 247w, https:\/\/bjorntech.com\/wp-content\/uploads\/fortnox-510x611.png 510w, https:\/\/bjorntech.com\/wp-content\/uploads\/fortnox-250x300.png 250w, https:\/\/bjorntech.com\/wp-content\/uploads\/fortnox-855x1024.png 855w, https:\/\/bjorntech.com\/wp-content\/uploads\/fortnox-768x920.png 768w, https:\/\/bjorntech.com\/wp-content\/uploads\/fortnox-42x50.png 42w, https:\/\/bjorntech.com\/wp-content\/uploads\/fortnox-1080x1294.png 1080w, https:\/\/bjorntech.com\/wp-content\/uploads\/fortnox-980x1174.png 980w, https:\/\/bjorntech.com\/wp-content\/uploads\/fortnox-480x575.png 480w, https:\/\/bjorntech.com\/wp-content\/uploads\/fortnox.png 1092w\" sizes=\"auto, (max-width: 247px) 100vw, 247px\" \/>\t\t\t\t\t\t\t\t\t<\/a>\n\t\t\t\t\t\t\t\t\t\t\t\t\t\t\t\t\t\t \t\t\t\t\t\t\t\t<\/div>\n\t\t\t\t\t\t\t\t<div class=\"image-tools top right show-on-hover\">\n\t\t\t\t\t\t\t\t\t\t\t\t\t\t\t\t\t<\/div>\n\t\t\t\t\t\t\t\t\t\t\t\t\t\t\t\t\t<div class=\"image-tools grid-tools text-center hide-for-small bottom hover-slide-in show-on-hover\">\n\t\t\t\t\t\t\t\t\t\t\t\t\t\t\t\t\t\t\t<\/div>\n\t\t\t\t\t\t\t\t\t\t\t\t\t\t\t\t\t\t\t\t\t\t\t<\/div>\n\n\t\t\t\t\t\t\t<div class=\"box-text text-center\" >\n\t\t\t\t\t\t\t\t<div class=\"title-wrapper\"><\/div><div class=\"price-wrapper\"><\/div>\t\t\t\t\t\t\t<\/div>\n\t\t\t\t\t\t<\/div>\n\t\t\t\t\t\t<\/div>\n\t\t\t\t\t<\/div><div class=\"col\" data-animate=\"bounceInUp\">\n\t\t\t\t\t\t<div class=\"col-inner\">\n\t\t\t\t\t\t\n<div class=\"badge-container absolute left top z-1\">\n\n<\/div>\n\t\t\t\t\t\t<div class=\"product-small box has-hover box-bounce box-text-bottom\">\n\t\t\t\t\t\t\t<div class=\"box-image\" >\n\t\t\t\t\t\t\t\t<div class=\"\" >\n\t\t\t\t\t\t\t\t\t<a href=\"https:\/\/bjorntech.com\/sv\/produkt\/woocommerce-zettle-integration-automatisk-synk\/\" aria-label=\"PayPal POS integration for WooCommerce prenumeration\">\n\t\t\t\t\t\t\t\t\t\t<img loading=\"lazy\" decoding=\"async\" width=\"247\" height=\"296\" src=\"https:\/\/bjorntech.com\/wp-content\/uploads\/paypalpos-247x296.png\" class=\"attachment-woocommerce_thumbnail size-woocommerce_thumbnail\" alt=\"PayPal POS integration for WooCommerce prenumeration\" srcset=\"https:\/\/bjorntech.com\/wp-content\/uploads\/paypalpos-247x296.png 247w, https:\/\/bjorntech.com\/wp-content\/uploads\/paypalpos-250x300.png 250w, https:\/\/bjorntech.com\/wp-content\/uploads\/paypalpos-855x1024.png 855w, https:\/\/bjorntech.com\/wp-content\/uploads\/paypalpos-768x920.png 768w, https:\/\/bjorntech.com\/wp-content\/uploads\/paypalpos-42x50.png 42w, https:\/\/bjorntech.com\/wp-content\/uploads\/paypalpos-510x611.png 510w, https:\/\/bjorntech.com\/wp-content\/uploads\/paypalpos.png 1092w\" sizes=\"auto, (max-width: 247px) 100vw, 247px\" \/>\t\t\t\t\t\t\t\t\t<\/a>\n\t\t\t\t\t\t\t\t\t\t\t\t\t\t\t\t\t\t \t\t\t\t\t\t\t\t<\/div>\n\t\t\t\t\t\t\t\t<div class=\"image-tools top right show-on-hover\">\n\t\t\t\t\t\t\t\t\t\t\t\t\t\t\t\t\t<\/div>\n\t\t\t\t\t\t\t\t\t\t\t\t\t\t\t\t\t<div class=\"image-tools grid-tools text-center hide-for-small bottom hover-slide-in show-on-hover\">\n\t\t\t\t\t\t\t\t\t\t\t\t\t\t\t\t\t\t\t<\/div>\n\t\t\t\t\t\t\t\t\t\t\t\t\t\t\t\t\t\t\t\t\t\t\t<\/div>\n\n\t\t\t\t\t\t\t<div class=\"box-text text-center\" >\n\t\t\t\t\t\t\t\t<div class=\"title-wrapper\"><\/div><div class=\"price-wrapper\"><\/div>\t\t\t\t\t\t\t<\/div>\n\t\t\t\t\t\t<\/div>\n\t\t\t\t\t\t<\/div>\n\t\t\t\t\t<\/div><\/div>\n\n\n\t\t<\/div>\n\t\t\t\t\t<\/div>\n\n\t\n\n\t<div id=\"col-1879218758\" class=\"col medium-1 small-12 large-1\"  >\n\t\t\t\t<div class=\"col-inner\"  >\n\t\t\t\n\t\t\t\n\n\n\t\t<\/div>\n\t\t\t\t\t<\/div>\n\n\t\n\n<\/div>\n\n","protected":false},"excerpt":{"rendered":"","protected":false},"author":1,"featured_media":0,"parent":0,"menu_order":0,"comment_status":"closed","ping_status":"closed","template":"","meta":{"footnotes":""},"class_list":["post-40044","page","type-page","status-publish","hentry"],"yoast_head":"<!-- This site is optimized with the Yoast SEO Premium plugin v27.1 (Yoast SEO v27.1.1) - https:\/\/yoast.com\/product\/yoast-seo-premium-wordpress\/ -->\n<title>Produkter &#8211; BjornTech<\/title>\n<meta name=\"robots\" content=\"index, follow, max-snippet:-1, max-image-preview:large, max-video-preview:-1\" \/>\n<link rel=\"canonical\" href=\"https:\/\/bjorntech.com\/sv\/produkter\/\" \/>\n<meta property=\"og:locale\" content=\"sv_SE\" \/>\n<meta property=\"og:type\" content=\"article\" \/>\n<meta property=\"og:title\" content=\"Produkter\" \/>\n<meta property=\"og:url\" content=\"https:\/\/bjorntech.com\/sv\/produkter\/\" \/>\n<meta property=\"og:site_name\" content=\"BjornTech\" \/>\n<meta property=\"og:image\" content=\"https:\/\/bjorntech.com\/wp-content\/uploads\/BjornTechMini.png\" \/>\n\t<meta property=\"og:image:width\" content=\"256\" \/>\n\t<meta property=\"og:image:height\" content=\"255\" \/>\n\t<meta property=\"og:image:type\" content=\"image\/png\" \/>\n<meta name=\"twitter:card\" content=\"summary_large_image\" \/>\n<meta name=\"twitter:label1\" content=\"Ber\u00e4knad l\u00e4stid\" \/>\n\t<meta name=\"twitter:data1\" content=\"1 minut\" \/>\n<script type=\"application\/ld+json\" class=\"yoast-schema-graph\">{\"@context\":\"https:\/\/schema.org\",\"@graph\":[{\"@type\":\"WebPage\",\"@id\":\"https:\/\/bjorntech.com\/sv\/produkter\/\",\"url\":\"https:\/\/bjorntech.com\/sv\/produkter\/\",\"name\":\"Produkter &#8211; BjornTech\",\"isPartOf\":{\"@id\":\"https:\/\/bjorntech.com\/sv\/#website\"},\"datePublished\":\"2022-07-21T12:34:14+00:00\",\"breadcrumb\":{\"@id\":\"https:\/\/bjorntech.com\/sv\/produkter\/#breadcrumb\"},\"inLanguage\":\"sv-SE\",\"potentialAction\":[{\"@type\":\"ReadAction\",\"target\":[\"https:\/\/bjorntech.com\/sv\/produkter\/\"]}]},{\"@type\":\"BreadcrumbList\",\"@id\":\"https:\/\/bjorntech.com\/sv\/produkter\/#breadcrumb\",\"itemListElement\":[{\"@type\":\"ListItem\",\"position\":1,\"name\":\"Hem\",\"item\":\"https:\/\/bjorntech.com\/sv\/\"},{\"@type\":\"ListItem\",\"position\":2,\"name\":\"Produkter\"}]},{\"@type\":\"WebSite\",\"@id\":\"https:\/\/bjorntech.com\/sv\/#website\",\"url\":\"https:\/\/bjorntech.com\/sv\/\",\"name\":\"BjornTech\",\"description\":\"e-commerce made easy\",\"publisher\":{\"@id\":\"https:\/\/bjorntech.com\/sv\/#organization\"},\"potentialAction\":[{\"@type\":\"SearchAction\",\"target\":{\"@type\":\"EntryPoint\",\"urlTemplate\":\"https:\/\/bjorntech.com\/sv\/?s={search_term_string}\"},\"query-input\":{\"@type\":\"PropertyValueSpecification\",\"valueRequired\":true,\"valueName\":\"search_term_string\"}}],\"inLanguage\":\"sv-SE\"},{\"@type\":\"Organization\",\"@id\":\"https:\/\/bjorntech.com\/sv\/#organization\",\"name\":\"BjornTech - eCommerce made easy\",\"url\":\"https:\/\/bjorntech.com\/sv\/\",\"logo\":{\"@type\":\"ImageObject\",\"inLanguage\":\"sv-SE\",\"@id\":\"https:\/\/bjorntech.com\/sv\/#\/schema\/logo\/image\/\",\"url\":\"https:\/\/bjorntech.com\/wp-content\/uploads\/BjornTechNy.png\",\"contentUrl\":\"https:\/\/bjorntech.com\/wp-content\/uploads\/BjornTechNy.png\",\"width\":534,\"height\":265,\"caption\":\"BjornTech - eCommerce made easy\"},\"image\":{\"@id\":\"https:\/\/bjorntech.com\/sv\/#\/schema\/logo\/image\/\"}}]}<\/script>\n<meta property=\"product:price:amount\" content=\"13.00\" \/>\n<meta property=\"product:price:currency\" content=\"EUR\" \/>\n<meta property=\"og:availability\" content=\"instock\" \/>\n<meta property=\"product:availability\" content=\"instock\" \/>\n<meta property=\"product:condition\" content=\"new\" \/>\n<!-- \/ Yoast SEO Premium plugin. -->","yoast_head_json":{"title":"Produkter &#8211; BjornTech","robots":{"index":"index","follow":"follow","max-snippet":"max-snippet:-1","max-image-preview":"max-image-preview:large","max-video-preview":"max-video-preview:-1"},"canonical":"https:\/\/bjorntech.com\/sv\/produkter\/","og_locale":"sv_SE","og_type":"article","og_title":"Produkter","og_url":"https:\/\/bjorntech.com\/sv\/produkter\/","og_site_name":"BjornTech","og_image":[{"width":256,"height":255,"url":"https:\/\/bjorntech.com\/wp-content\/uploads\/BjornTechMini.png","type":"image\/png"}],"twitter_card":"summary_large_image","twitter_misc":{"Ber\u00e4knad l\u00e4stid":"1 minut"},"schema":{"@context":"https:\/\/schema.org","@graph":[{"@type":"WebPage","@id":"https:\/\/bjorntech.com\/sv\/produkter\/","url":"https:\/\/bjorntech.com\/sv\/produkter\/","name":"Produkter &#8211; BjornTech","isPartOf":{"@id":"https:\/\/bjorntech.com\/sv\/#website"},"datePublished":"2022-07-21T12:34:14+00:00","breadcrumb":{"@id":"https:\/\/bjorntech.com\/sv\/produkter\/#breadcrumb"},"inLanguage":"sv-SE","potentialAction":[{"@type":"ReadAction","target":["https:\/\/bjorntech.com\/sv\/produkter\/"]}]},{"@type":"BreadcrumbList","@id":"https:\/\/bjorntech.com\/sv\/produkter\/#breadcrumb","itemListElement":[{"@type":"ListItem","position":1,"name":"Hem","item":"https:\/\/bjorntech.com\/sv\/"},{"@type":"ListItem","position":2,"name":"Produkter"}]},{"@type":"WebSite","@id":"https:\/\/bjorntech.com\/sv\/#website","url":"https:\/\/bjorntech.com\/sv\/","name":"BjornTech","description":"e-commerce made easy","publisher":{"@id":"https:\/\/bjorntech.com\/sv\/#organization"},"potentialAction":[{"@type":"SearchAction","target":{"@type":"EntryPoint","urlTemplate":"https:\/\/bjorntech.com\/sv\/?s={search_term_string}"},"query-input":{"@type":"PropertyValueSpecification","valueRequired":true,"valueName":"search_term_string"}}],"inLanguage":"sv-SE"},{"@type":"Organization","@id":"https:\/\/bjorntech.com\/sv\/#organization","name":"BjornTech - eCommerce made easy","url":"https:\/\/bjorntech.com\/sv\/","logo":{"@type":"ImageObject","inLanguage":"sv-SE","@id":"https:\/\/bjorntech.com\/sv\/#\/schema\/logo\/image\/","url":"https:\/\/bjorntech.com\/wp-content\/uploads\/BjornTechNy.png","contentUrl":"https:\/\/bjorntech.com\/wp-content\/uploads\/BjornTechNy.png","width":534,"height":265,"caption":"BjornTech - eCommerce made easy"},"image":{"@id":"https:\/\/bjorntech.com\/sv\/#\/schema\/logo\/image\/"}}]},"product_price_amount":"13.00","product_price_currency":"EUR","og_availability":"instock","product_availability":"instock","product_condition":"new"},"_links":{"self":[{"href":"https:\/\/bjorntech.com\/sv\/wp-json\/wp\/v2\/pages\/40044","targetHints":{"allow":["GET"]}}],"collection":[{"href":"https:\/\/bjorntech.com\/sv\/wp-json\/wp\/v2\/pages"}],"about":[{"href":"https:\/\/bjorntech.com\/sv\/wp-json\/wp\/v2\/types\/page"}],"author":[{"embeddable":true,"href":"https:\/\/bjorntech.com\/sv\/wp-json\/wp\/v2\/users\/1"}],"replies":[{"embeddable":true,"href":"https:\/\/bjorntech.com\/sv\/wp-json\/wp\/v2\/comments?post=40044"}],"version-history":[{"count":1,"href":"https:\/\/bjorntech.com\/sv\/wp-json\/wp\/v2\/pages\/40044\/revisions"}],"predecessor-version":[{"id":40045,"href":"https:\/\/bjorntech.com\/sv\/wp-json\/wp\/v2\/pages\/40044\/revisions\/40045"}],"wp:attachment":[{"href":"https:\/\/bjorntech.com\/sv\/wp-json\/wp\/v2\/media?parent=40044"}],"curies":[{"name":"wp","href":"https:\/\/api.w.org\/{rel}","templated":true}]}}