{"id":26999,"date":"2019-07-28T15:18:12","date_gmt":"2019-07-28T13:18:12","guid":{"rendered":"https:\/\/bjorntech.se\/?page_id=26999"},"modified":"2019-07-28T16:58:39","modified_gmt":"2019-07-28T14:58:39","slug":"swedbank-swish","status":"publish","type":"page","link":"https:\/\/bjorntech.com\/sv\/swedbank-swish\/","title":{"rendered":"Swedbank Swish"},"content":{"rendered":"\n<p>F\u00f6lj stegen nedan f\u00f6r att v\u00e4lja oss som Teknisk leverant\u00f6r hos Swedbank:<\/p>\n\n\n\n<div style=\"height:100px\" aria-hidden=\"true\" class=\"wp-block-spacer\"><\/div>\n\n\n\n<hr class=\"wp-block-separator\"\/>\n\n\n\n<div class=\"wp-block-columns has-2-columns is-layout-flex wp-container-core-columns-is-layout-9d6595d7 wp-block-columns-is-layout-flex\">\n<div class=\"wp-block-column is-layout-flow wp-block-column-is-layout-flow\">\n<ul class=\"wp-block-list\"><li>V\u00e4lj Swish under menyn Betala\/\u00d6verf\u00f6ra.<\/li><\/ul>\n<\/div>\n\n\n\n<div class=\"wp-block-column is-layout-flow wp-block-column-is-layout-flow\">\n<figure class=\"wp-block-image is-resized\"><img loading=\"lazy\" decoding=\"async\" src=\"https:\/\/bjorntech.com\/wp-content\/uploads\/swedbank-1-1024x760.png\" alt=\"\" class=\"wp-image-27008\" width=\"450\" height=\"333\" srcset=\"https:\/\/bjorntech.com\/wp-content\/uploads\/swedbank-1-1024x760.png 1024w, https:\/\/bjorntech.com\/wp-content\/uploads\/swedbank-1-510x378.png 510w, https:\/\/bjorntech.com\/wp-content\/uploads\/swedbank-1-300x223.png 300w, https:\/\/bjorntech.com\/wp-content\/uploads\/swedbank-1-768x570.png 768w, https:\/\/bjorntech.com\/wp-content\/uploads\/swedbank-1-1080x801.png 1080w, https:\/\/bjorntech.com\/wp-content\/uploads\/swedbank-1.png 2016w\" sizes=\"auto, (max-width: 450px) 100vw, 450px\" \/><\/figure>\n<\/div>\n<\/div>\n\n\n\n<hr class=\"wp-block-separator\"\/>\n\n\n\n<div class=\"wp-block-columns has-2-columns is-layout-flex wp-container-core-columns-is-layout-9d6595d7 wp-block-columns-is-layout-flex\">\n<div class=\"wp-block-column is-layout-flow wp-block-column-is-layout-flow\">\n<ul class=\"wp-block-list\"><li>V\u00e4lj det Swish-nummer som du vill ansluta. Observera att det endast \u00e4r typen Handel som g\u00e5r att anv\u00e4nda. Det g\u00e5r inte att byta typ p\u00e5 ett befintligt Swish-nummer. Om du inte har n\u00e5got konto med typen Handel s\u00e5 kan du enkelt best\u00e4lla det genom att v\u00e4lja fliken Best\u00e4ll nytt Swish-nummer. <\/li><\/ul>\n<\/div>\n\n\n\n<div class=\"wp-block-column is-layout-flow wp-block-column-is-layout-flow\">\n<figure class=\"wp-block-image is-resized\"><img loading=\"lazy\" decoding=\"async\" src=\"https:\/\/bjorntech.com\/wp-content\/uploads\/swedbank-2-1-1024x760.png\" alt=\"\" class=\"wp-image-27012\" width=\"439\" height=\"325\" srcset=\"https:\/\/bjorntech.com\/wp-content\/uploads\/swedbank-2-1-1024x760.png 1024w, https:\/\/bjorntech.com\/wp-content\/uploads\/swedbank-2-1-510x378.png 510w, https:\/\/bjorntech.com\/wp-content\/uploads\/swedbank-2-1-300x223.png 300w, https:\/\/bjorntech.com\/wp-content\/uploads\/swedbank-2-1-768x570.png 768w, https:\/\/bjorntech.com\/wp-content\/uploads\/swedbank-2-1-1080x801.png 1080w, https:\/\/bjorntech.com\/wp-content\/uploads\/swedbank-2-1.png 2016w\" sizes=\"auto, (max-width: 439px) 100vw, 439px\" \/><\/figure>\n<\/div>\n<\/div>\n\n\n\n<hr class=\"wp-block-separator\"\/>\n\n\n\n<div class=\"wp-block-columns has-2-columns is-layout-flex wp-container-core-columns-is-layout-9d6595d7 wp-block-columns-is-layout-flex\">\n<div class=\"wp-block-column is-layout-flow wp-block-column-is-layout-flow\">\n<ul class=\"wp-block-list\"><li>V\u00e4lj Teknisk anslutning och \u00f6ppna v\u00e4ljaren Teknisk leverant\u00f6r.<\/li><\/ul>\n<\/div>\n\n\n\n<div class=\"wp-block-column is-layout-flow wp-block-column-is-layout-flow\">\n<figure class=\"wp-block-image is-resized\"><img loading=\"lazy\" decoding=\"async\" src=\"https:\/\/bjorntech.com\/wp-content\/uploads\/swedbank-3-1024x760.png\" alt=\"\" class=\"wp-image-27016\" width=\"433\" height=\"321\" srcset=\"https:\/\/bjorntech.com\/wp-content\/uploads\/swedbank-3-1024x760.png 1024w, https:\/\/bjorntech.com\/wp-content\/uploads\/swedbank-3-510x378.png 510w, https:\/\/bjorntech.com\/wp-content\/uploads\/swedbank-3-300x223.png 300w, https:\/\/bjorntech.com\/wp-content\/uploads\/swedbank-3-768x570.png 768w, https:\/\/bjorntech.com\/wp-content\/uploads\/swedbank-3-1080x801.png 1080w, https:\/\/bjorntech.com\/wp-content\/uploads\/swedbank-3.png 2016w\" sizes=\"auto, (max-width: 433px) 100vw, 433px\" \/><\/figure>\n<\/div>\n<\/div>\n\n\n\n<hr class=\"wp-block-separator\"\/>\n\n\n\n<div class=\"wp-block-columns has-2-columns is-layout-flex wp-container-core-columns-is-layout-9d6595d7 wp-block-columns-is-layout-flex\">\n<div class=\"wp-block-column is-layout-flow wp-block-column-is-layout-flow\">\n<ul class=\"wp-block-list\"><li>V\u00e4lj BjornTech som Teknisk leverant\u00f6r och spara.<\/li><\/ul>\n<\/div>\n\n\n\n<div class=\"wp-block-column is-layout-flow wp-block-column-is-layout-flow\">\n<figure class=\"wp-block-image is-resized\"><img loading=\"lazy\" decoding=\"async\" src=\"https:\/\/bjorntech.com\/wp-content\/uploads\/swedbank-4-1024x760.png\" alt=\"\" class=\"wp-image-27019\" width=\"424\" height=\"314\" srcset=\"https:\/\/bjorntech.com\/wp-content\/uploads\/swedbank-4-1024x760.png 1024w, https:\/\/bjorntech.com\/wp-content\/uploads\/swedbank-4-510x378.png 510w, https:\/\/bjorntech.com\/wp-content\/uploads\/swedbank-4-300x223.png 300w, https:\/\/bjorntech.com\/wp-content\/uploads\/swedbank-4-768x570.png 768w, https:\/\/bjorntech.com\/wp-content\/uploads\/swedbank-4-1080x801.png 1080w, https:\/\/bjorntech.com\/wp-content\/uploads\/swedbank-4.png 2016w\" sizes=\"auto, (max-width: 424px) 100vw, 424px\" \/><\/figure>\n<\/div>\n<\/div>\n","protected":false},"excerpt":{"rendered":"<p>F\u00f6lj stegen nedan f\u00f6r att v\u00e4lja oss som Teknisk leverant\u00f6r hos Swedbank: V\u00e4lj Swish under menyn Betala\/\u00d6verf\u00f6ra. V\u00e4lj det Swish-nummer som du vill ansluta. Observera att det endast \u00e4r typen Handel som g\u00e5r att anv\u00e4nda. Det g\u00e5r inte att byta typ p\u00e5 ett befintligt Swish-nummer. Om du inte har n\u00e5got konto med typen Handel s\u00e5 [&#8230;]\n","protected":false},"author":1,"featured_media":0,"parent":0,"menu_order":0,"comment_status":"closed","ping_status":"closed","template":"","meta":{"footnotes":""},"class_list":["post-26999","page","type-page","status-publish","hentry"],"yoast_head":"<!-- This site is optimized with the Yoast SEO Premium plugin v27.4 (Yoast SEO v27.4) - https:\/\/yoast.com\/product\/yoast-seo-premium-wordpress\/ -->\n<title>Swedbank Swish &#8211; BjornTech<\/title>\n<meta name=\"robots\" content=\"index, follow, max-snippet:-1, max-image-preview:large, max-video-preview:-1\" \/>\n<link rel=\"canonical\" href=\"https:\/\/bjorntech.com\/sv\/swedbank-swish\/\" \/>\n<meta property=\"og:locale\" content=\"sv_SE\" \/>\n<meta property=\"og:type\" content=\"article\" \/>\n<meta property=\"og:title\" content=\"Swedbank Swish\" \/>\n<meta property=\"og:description\" content=\"F\u00f6lj stegen nedan f\u00f6r att v\u00e4lja oss som Teknisk leverant\u00f6r hos Swedbank: V\u00e4lj Swish under menyn Betala\/\u00d6verf\u00f6ra. V\u00e4lj det Swish-nummer som du vill ansluta. Observera att det endast \u00e4r typen Handel som g\u00e5r att anv\u00e4nda. Det g\u00e5r inte att byta typ p\u00e5 ett befintligt Swish-nummer. Om du inte har n\u00e5got konto med typen Handel s\u00e5 [...]\" \/>\n<meta property=\"og:url\" content=\"https:\/\/bjorntech.com\/sv\/swedbank-swish\/\" \/>\n<meta property=\"og:site_name\" content=\"BjornTech\" \/>\n<meta property=\"article:modified_time\" content=\"2019-07-28T14:58:39+00:00\" \/>\n<meta property=\"og:image\" content=\"https:\/\/bjorntech.com\/wp-content\/uploads\/swedbank-1-1024x760.png\" \/>\n<meta name=\"twitter:card\" content=\"summary_large_image\" \/>\n<meta name=\"twitter:label1\" content=\"Ber\u00e4knad l\u00e4stid\" \/>\n\t<meta name=\"twitter:data1\" content=\"1 minut\" \/>\n<script type=\"application\/ld+json\" class=\"yoast-schema-graph\">{\"@context\":\"https:\\\/\\\/schema.org\",\"@graph\":[{\"@type\":\"WebPage\",\"@id\":\"https:\\\/\\\/bjorntech.com\\\/sv\\\/swedbank-swish\\\/\",\"url\":\"https:\\\/\\\/bjorntech.com\\\/sv\\\/swedbank-swish\\\/\",\"name\":\"Swedbank Swish &#8211; BjornTech\",\"isPartOf\":{\"@id\":\"https:\\\/\\\/bjorntech.com\\\/sv\\\/#website\"},\"primaryImageOfPage\":{\"@id\":\"https:\\\/\\\/bjorntech.com\\\/sv\\\/swedbank-swish\\\/#primaryimage\"},\"image\":{\"@id\":\"https:\\\/\\\/bjorntech.com\\\/sv\\\/swedbank-swish\\\/#primaryimage\"},\"thumbnailUrl\":\"https:\\\/\\\/bjorntech.com\\\/wp-content\\\/uploads\\\/swedbank-1-1024x760.png\",\"datePublished\":\"2019-07-28T13:18:12+00:00\",\"dateModified\":\"2019-07-28T14:58:39+00:00\",\"breadcrumb\":{\"@id\":\"https:\\\/\\\/bjorntech.com\\\/sv\\\/swedbank-swish\\\/#breadcrumb\"},\"inLanguage\":\"sv-SE\",\"potentialAction\":[{\"@type\":\"ReadAction\",\"target\":[\"https:\\\/\\\/bjorntech.com\\\/sv\\\/swedbank-swish\\\/\"]}]},{\"@type\":\"ImageObject\",\"inLanguage\":\"sv-SE\",\"@id\":\"https:\\\/\\\/bjorntech.com\\\/sv\\\/swedbank-swish\\\/#primaryimage\",\"url\":\"https:\\\/\\\/bjorntech.com\\\/wp-content\\\/uploads\\\/swedbank-1-1024x760.png\",\"contentUrl\":\"https:\\\/\\\/bjorntech.com\\\/wp-content\\\/uploads\\\/swedbank-1-1024x760.png\"},{\"@type\":\"BreadcrumbList\",\"@id\":\"https:\\\/\\\/bjorntech.com\\\/sv\\\/swedbank-swish\\\/#breadcrumb\",\"itemListElement\":[{\"@type\":\"ListItem\",\"position\":1,\"name\":\"Hem\",\"item\":\"https:\\\/\\\/bjorntech.com\\\/sv\\\/\"},{\"@type\":\"ListItem\",\"position\":2,\"name\":\"Swedbank Swish\"}]},{\"@type\":\"WebSite\",\"@id\":\"https:\\\/\\\/bjorntech.com\\\/sv\\\/#website\",\"url\":\"https:\\\/\\\/bjorntech.com\\\/sv\\\/\",\"name\":\"BjornTech\",\"description\":\"e-commerce made easy\",\"publisher\":{\"@id\":\"https:\\\/\\\/bjorntech.com\\\/sv\\\/#organization\"},\"potentialAction\":[{\"@type\":\"SearchAction\",\"target\":{\"@type\":\"EntryPoint\",\"urlTemplate\":\"https:\\\/\\\/bjorntech.com\\\/sv\\\/?s={search_term_string}\"},\"query-input\":{\"@type\":\"PropertyValueSpecification\",\"valueRequired\":true,\"valueName\":\"search_term_string\"}}],\"inLanguage\":\"sv-SE\"},{\"@type\":\"Organization\",\"@id\":\"https:\\\/\\\/bjorntech.com\\\/sv\\\/#organization\",\"name\":\"BjornTech - eCommerce made easy\",\"url\":\"https:\\\/\\\/bjorntech.com\\\/sv\\\/\",\"logo\":{\"@type\":\"ImageObject\",\"inLanguage\":\"sv-SE\",\"@id\":\"https:\\\/\\\/bjorntech.com\\\/sv\\\/#\\\/schema\\\/logo\\\/image\\\/\",\"url\":\"https:\\\/\\\/bjorntech.com\\\/wp-content\\\/uploads\\\/BjornTechNy.png\",\"contentUrl\":\"https:\\\/\\\/bjorntech.com\\\/wp-content\\\/uploads\\\/BjornTechNy.png\",\"width\":534,\"height\":265,\"caption\":\"BjornTech - eCommerce made easy\"},\"image\":{\"@id\":\"https:\\\/\\\/bjorntech.com\\\/sv\\\/#\\\/schema\\\/logo\\\/image\\\/\"}}]}<\/script>\n<!-- \/ Yoast SEO Premium plugin. -->","yoast_head_json":{"title":"Swedbank Swish &#8211; BjornTech","robots":{"index":"index","follow":"follow","max-snippet":"max-snippet:-1","max-image-preview":"max-image-preview:large","max-video-preview":"max-video-preview:-1"},"canonical":"https:\/\/bjorntech.com\/sv\/swedbank-swish\/","og_locale":"sv_SE","og_type":"article","og_title":"Swedbank Swish","og_description":"F\u00f6lj stegen nedan f\u00f6r att v\u00e4lja oss som Teknisk leverant\u00f6r hos Swedbank: V\u00e4lj Swish under menyn Betala\/\u00d6verf\u00f6ra. V\u00e4lj det Swish-nummer som du vill ansluta. Observera att det endast \u00e4r typen Handel som g\u00e5r att anv\u00e4nda. Det g\u00e5r inte att byta typ p\u00e5 ett befintligt Swish-nummer. Om du inte har n\u00e5got konto med typen Handel s\u00e5 [...]","og_url":"https:\/\/bjorntech.com\/sv\/swedbank-swish\/","og_site_name":"BjornTech","article_modified_time":"2019-07-28T14:58:39+00:00","og_image":[{"url":"https:\/\/bjorntech.com\/wp-content\/uploads\/swedbank-1-1024x760.png","type":"","width":"","height":""}],"twitter_card":"summary_large_image","twitter_misc":{"Ber\u00e4knad l\u00e4stid":"1 minut"},"schema":{"@context":"https:\/\/schema.org","@graph":[{"@type":"WebPage","@id":"https:\/\/bjorntech.com\/sv\/swedbank-swish\/","url":"https:\/\/bjorntech.com\/sv\/swedbank-swish\/","name":"Swedbank Swish &#8211; BjornTech","isPartOf":{"@id":"https:\/\/bjorntech.com\/sv\/#website"},"primaryImageOfPage":{"@id":"https:\/\/bjorntech.com\/sv\/swedbank-swish\/#primaryimage"},"image":{"@id":"https:\/\/bjorntech.com\/sv\/swedbank-swish\/#primaryimage"},"thumbnailUrl":"https:\/\/bjorntech.com\/wp-content\/uploads\/swedbank-1-1024x760.png","datePublished":"2019-07-28T13:18:12+00:00","dateModified":"2019-07-28T14:58:39+00:00","breadcrumb":{"@id":"https:\/\/bjorntech.com\/sv\/swedbank-swish\/#breadcrumb"},"inLanguage":"sv-SE","potentialAction":[{"@type":"ReadAction","target":["https:\/\/bjorntech.com\/sv\/swedbank-swish\/"]}]},{"@type":"ImageObject","inLanguage":"sv-SE","@id":"https:\/\/bjorntech.com\/sv\/swedbank-swish\/#primaryimage","url":"https:\/\/bjorntech.com\/wp-content\/uploads\/swedbank-1-1024x760.png","contentUrl":"https:\/\/bjorntech.com\/wp-content\/uploads\/swedbank-1-1024x760.png"},{"@type":"BreadcrumbList","@id":"https:\/\/bjorntech.com\/sv\/swedbank-swish\/#breadcrumb","itemListElement":[{"@type":"ListItem","position":1,"name":"Hem","item":"https:\/\/bjorntech.com\/sv\/"},{"@type":"ListItem","position":2,"name":"Swedbank Swish"}]},{"@type":"WebSite","@id":"https:\/\/bjorntech.com\/sv\/#website","url":"https:\/\/bjorntech.com\/sv\/","name":"BjornTech","description":"e-commerce made easy","publisher":{"@id":"https:\/\/bjorntech.com\/sv\/#organization"},"potentialAction":[{"@type":"SearchAction","target":{"@type":"EntryPoint","urlTemplate":"https:\/\/bjorntech.com\/sv\/?s={search_term_string}"},"query-input":{"@type":"PropertyValueSpecification","valueRequired":true,"valueName":"search_term_string"}}],"inLanguage":"sv-SE"},{"@type":"Organization","@id":"https:\/\/bjorntech.com\/sv\/#organization","name":"BjornTech - eCommerce made easy","url":"https:\/\/bjorntech.com\/sv\/","logo":{"@type":"ImageObject","inLanguage":"sv-SE","@id":"https:\/\/bjorntech.com\/sv\/#\/schema\/logo\/image\/","url":"https:\/\/bjorntech.com\/wp-content\/uploads\/BjornTechNy.png","contentUrl":"https:\/\/bjorntech.com\/wp-content\/uploads\/BjornTechNy.png","width":534,"height":265,"caption":"BjornTech - eCommerce made easy"},"image":{"@id":"https:\/\/bjorntech.com\/sv\/#\/schema\/logo\/image\/"}}]}},"_links":{"self":[{"href":"https:\/\/bjorntech.com\/sv\/wp-json\/wp\/v2\/pages\/26999","targetHints":{"allow":["GET"]}}],"collection":[{"href":"https:\/\/bjorntech.com\/sv\/wp-json\/wp\/v2\/pages"}],"about":[{"href":"https:\/\/bjorntech.com\/sv\/wp-json\/wp\/v2\/types\/page"}],"author":[{"embeddable":true,"href":"https:\/\/bjorntech.com\/sv\/wp-json\/wp\/v2\/users\/1"}],"replies":[{"embeddable":true,"href":"https:\/\/bjorntech.com\/sv\/wp-json\/wp\/v2\/comments?post=26999"}],"version-history":[{"count":18,"href":"https:\/\/bjorntech.com\/sv\/wp-json\/wp\/v2\/pages\/26999\/revisions"}],"predecessor-version":[{"id":27045,"href":"https:\/\/bjorntech.com\/sv\/wp-json\/wp\/v2\/pages\/26999\/revisions\/27045"}],"wp:attachment":[{"href":"https:\/\/bjorntech.com\/sv\/wp-json\/wp\/v2\/media?parent=26999"}],"curies":[{"name":"wp","href":"https:\/\/api.w.org\/{rel}","templated":true}]}}