{"id":26993,"date":"2019-07-28T14:42:59","date_gmt":"2019-07-28T12:42:59","guid":{"rendered":"https:\/\/bjorntech.se\/?page_id=26993"},"modified":"2024-04-15T15:46:22","modified_gmt":"2024-04-15T13:46:22","slug":"swish-teknisk-leverantor","status":"publish","type":"page","link":"https:\/\/bjorntech.com\/sv\/swish-teknisk-leverantor\/","title":{"rendered":"BjornTech som Teknisk leverant\u00f6r"},"content":{"rendered":"\n<div class=\"wp-block-columns has-2-columns is-layout-flex wp-container-core-columns-is-layout-9d6595d7 wp-block-columns-is-layout-flex\">\n<div class=\"wp-block-column is-layout-flow wp-block-column-is-layout-flow\">\n<h2 class=\"wp-block-heading\">BjornTech som Teknisk leverant\u00f6r<\/h2>\n\n\n\n<p>Se hela guiden f\u00f6r hur du kommer ig\u00e5ng med pluginet <a href=\"https:\/\/bjorntech.com\/sv\/kb\/swish-teknisk-leverantor\/\" data-type=\"URL\" data-id=\"https:\/\/bjorntech.com\/sv\/kb\/swish-teknisk-leverantor\/\"><strong>H\u00c4R<\/strong><\/a>.<\/p>\n\n\n\n<p>Genom att v\u00e4lja BjornTech som Teknisk leverant\u00f6r slipper du den kr\u00e5ngliga processen att skapa ditt egna tekniska certifikat som kr\u00e4vs f\u00f6r att ansluta din webshop till Swish. <\/p>\n\n\n\n<p>Hela anslutningen tar bara n\u00e5gra minuter och d\u00e4refter kan du b\u00f6rja ta betalt med Swish.<\/p>\n\n\n\n<p>Att anv\u00e4nda oss som Teknisk leverant\u00f6r \u00e4r kostnadsfritt f\u00f6r upp till 50 transaktioner per kalenderm\u00e5nad. \u00c4r du i behov av fler transaktioner kan du k\u00f6pa en prenumeration f\u00f6r upp till 1000 transaktioner eller mer per kalenderm\u00e5nad <a href=\"https:\/\/bjorntech.com\/sv\/produkt\/swish-1000\/\">h\u00e4r<\/a>. <\/p>\n\n\n\n<p>F\u00f6r att du skall kunna anv\u00e4nda oss som Teknisk leverant\u00f6r beh\u00f6ver du registrera detta hos din bank.  H\u00e4r nedan samlar vi instruktioner f\u00f6r hur det g\u00e5r till p\u00e5 respektive bank. Vidare kan du klicka <a href=\"https:\/\/bjorntech.com\/sv\/kb\/vad-kostar-swish-handel-hos-din-bank\/\" data-type=\"link\" data-id=\"https:\/\/bjorntech.com\/sv\/kb\/vad-kostar-swish-handel-hos-din-bank\/\"><strong>H\u00c4R<\/strong><\/a> f\u00f6r att se en lista \u00f6ver vad varje bank tar betalt f\u00f6r Swish Handel.<\/p>\n\n\n\n<p>N\u00e4r du kontaktar banken \u00e4r det viktigt att du best\u00e4ller f\u00f6ljande:<\/p>\n\n\n\n<ul class=\"wp-block-list\">\n<li><strong>Ett Swish Handelsnummer<\/strong><\/li>\n\n\n\n<li><strong>Att den tekniska leverant\u00f6ren f\u00f6r Swish Handelsnumret ska vara BjornTech AB med id 9872884581<\/strong><\/li>\n<\/ul>\n<\/div>\n<\/div>\n\n\n\n<figure class=\"wp-block-table\"><table><tbody><tr><td><strong>Bank<\/strong><\/td><td><strong>Status<\/strong><\/td><td><strong>L\u00e4nk till instruktion<\/strong><\/td><\/tr><tr><td>Swedbank<\/td><td> Ja. Du kan v\u00e4lja oss som Teknisk leverant\u00f6r<\/td><td><a href=\"https:\/\/www.swedbank.se\/foretag\/betala-och-ta-betalt\/swish\/swish-handel.html\">https:\/\/www.swedbank.se\/foretag\/betala-och-ta-betalt\/swish\/swish-handel.html<\/a><\/td><\/tr><tr><td>SEB<\/td><td>Ja, Du kan v\u00e4lja oss som Teknisk leverant\u00f6r<\/td><td>Kontakta kundtj\u00e4nst p\u00e5 SEB och be att f\u00e5 BjornTech som Teknisk leverant\u00f6r. Be bankkontakten att anv\u00e4nda blankett A7959.<\/td><\/tr><tr><td>Nordea<\/td><td>Ja. Du kan v\u00e4lja oss som Teknisk leverant\u00f6r. <\/td><td><a href=\"https:\/\/www.nordea.se\/foretag\/produkter\/betala\/swish-handel.html\">https:\/\/www.nordea.se\/foretag\/produkter\/betala\/swish-handel.html<\/a><\/td><\/tr><tr><td>Handelsbanken<\/td><td>Ja, Du kan v\u00e4lja oss som Teknisk leverant\u00f6r<\/td><td>Kontakta ditt kontor och be att f\u00e5 BjornTech som teknisk leverant\u00f6r. Du kan \u00e4ven bes\u00f6ka denna l\u00e4nk och leta upp avsnittet om Swish Handel (obs ej Swish f\u00f6retag) &#8211; <a href=\"https:\/\/www.handelsbanken.se\/sv\/foretag\/konton-betalningar\/ta-betalt\/swish-for-foretag\">https:\/\/www.handelsbanken.se\/sv\/foretag\/konton-betalningar\/ta-betalt\/swish-for-foretag<\/a><\/td><\/tr><tr><td>L\u00e4nsf\u00f6rs\u00e4kringar<\/td><td>Ja, Du kan v\u00e4lja oss som Teknisk leverant\u00f6r.<\/td><td>Kontakta ditt kontor och be att f\u00e5 BjornTech som teknisk leverant\u00f6r.<\/td><\/tr><tr><td>Danske Bank<\/td><td>Ja, Du kan v\u00e4lja oss som Teknisk leverant\u00f6r<\/td><td><a href=\"https:\/\/danskebank.se\/foretag\/digitala-tjanster\/digitala-tjanster\/swish\/swish-handel\">https:\/\/danskebank.se\/foretag\/digitala-tjanster\/digitala-tjanster\/swish\/swish-handel<\/a><\/td><\/tr><\/tbody><\/table><\/figure>\n","protected":false},"excerpt":{"rendered":"<p>BjornTech som Teknisk leverant\u00f6r Se hela guiden f\u00f6r hur du kommer ig\u00e5ng med pluginet H\u00c4R. Genom att v\u00e4lja BjornTech som Teknisk leverant\u00f6r slipper du den kr\u00e5ngliga processen att skapa ditt egna tekniska certifikat som kr\u00e4vs f\u00f6r att ansluta din webshop till Swish. Hela anslutningen tar bara n\u00e5gra minuter och d\u00e4refter kan du b\u00f6rja ta betalt [&#8230;]\n","protected":false},"author":1,"featured_media":0,"parent":0,"menu_order":0,"comment_status":"closed","ping_status":"closed","template":"","meta":{"footnotes":""},"class_list":["post-26993","page","type-page","status-publish","hentry"],"yoast_head":"<!-- This site is optimized with the Yoast SEO Premium plugin v27.4 (Yoast SEO v27.4) - https:\/\/yoast.com\/product\/yoast-seo-premium-wordpress\/ -->\n<title>BjornTech som Teknisk leverant\u00f6r &#8211; BjornTech<\/title>\n<meta name=\"robots\" content=\"index, follow, max-snippet:-1, max-image-preview:large, max-video-preview:-1\" \/>\n<link rel=\"canonical\" href=\"https:\/\/bjorntech.com\/sv\/swish-teknisk-leverantor\/\" \/>\n<meta property=\"og:locale\" content=\"sv_SE\" \/>\n<meta property=\"og:type\" content=\"article\" \/>\n<meta property=\"og:title\" content=\"BjornTech som Teknisk leverant\u00f6r\" \/>\n<meta property=\"og:description\" content=\"BjornTech som Teknisk leverant\u00f6r Se hela guiden f\u00f6r hur du kommer ig\u00e5ng med pluginet H\u00c4R. Genom att v\u00e4lja BjornTech som Teknisk leverant\u00f6r slipper du den kr\u00e5ngliga processen att skapa ditt egna tekniska certifikat som kr\u00e4vs f\u00f6r att ansluta din webshop till Swish. Hela anslutningen tar bara n\u00e5gra minuter och d\u00e4refter kan du b\u00f6rja ta betalt [...]\" \/>\n<meta property=\"og:url\" content=\"https:\/\/bjorntech.com\/sv\/swish-teknisk-leverantor\/\" \/>\n<meta property=\"og:site_name\" content=\"BjornTech\" \/>\n<meta property=\"article:modified_time\" content=\"2024-04-15T13:46:22+00:00\" \/>\n<meta property=\"og:image\" content=\"https:\/\/bjorntech.com\/wp-content\/uploads\/BjornTechMini.png\" \/>\n\t<meta property=\"og:image:width\" content=\"256\" \/>\n\t<meta property=\"og:image:height\" content=\"255\" \/>\n\t<meta property=\"og:image:type\" content=\"image\/png\" \/>\n<meta name=\"twitter:card\" content=\"summary_large_image\" \/>\n<meta name=\"twitter:label1\" content=\"Ber\u00e4knad l\u00e4stid\" \/>\n\t<meta name=\"twitter:data1\" content=\"2 minuter\" \/>\n<script type=\"application\/ld+json\" class=\"yoast-schema-graph\">{\"@context\":\"https:\\\/\\\/schema.org\",\"@graph\":[{\"@type\":\"WebPage\",\"@id\":\"https:\\\/\\\/bjorntech.com\\\/sv\\\/swish-teknisk-leverantor\\\/\",\"url\":\"https:\\\/\\\/bjorntech.com\\\/sv\\\/swish-teknisk-leverantor\\\/\",\"name\":\"BjornTech som Teknisk leverant\u00f6r &#8211; BjornTech\",\"isPartOf\":{\"@id\":\"https:\\\/\\\/bjorntech.com\\\/sv\\\/#website\"},\"datePublished\":\"2019-07-28T12:42:59+00:00\",\"dateModified\":\"2024-04-15T13:46:22+00:00\",\"breadcrumb\":{\"@id\":\"https:\\\/\\\/bjorntech.com\\\/sv\\\/swish-teknisk-leverantor\\\/#breadcrumb\"},\"inLanguage\":\"sv-SE\",\"potentialAction\":[{\"@type\":\"ReadAction\",\"target\":[\"https:\\\/\\\/bjorntech.com\\\/sv\\\/swish-teknisk-leverantor\\\/\"]}]},{\"@type\":\"BreadcrumbList\",\"@id\":\"https:\\\/\\\/bjorntech.com\\\/sv\\\/swish-teknisk-leverantor\\\/#breadcrumb\",\"itemListElement\":[{\"@type\":\"ListItem\",\"position\":1,\"name\":\"Hem\",\"item\":\"https:\\\/\\\/bjorntech.com\\\/sv\\\/\"},{\"@type\":\"ListItem\",\"position\":2,\"name\":\"BjornTech som Teknisk leverant\u00f6r\"}]},{\"@type\":\"WebSite\",\"@id\":\"https:\\\/\\\/bjorntech.com\\\/sv\\\/#website\",\"url\":\"https:\\\/\\\/bjorntech.com\\\/sv\\\/\",\"name\":\"BjornTech\",\"description\":\"e-commerce made easy\",\"publisher\":{\"@id\":\"https:\\\/\\\/bjorntech.com\\\/sv\\\/#organization\"},\"potentialAction\":[{\"@type\":\"SearchAction\",\"target\":{\"@type\":\"EntryPoint\",\"urlTemplate\":\"https:\\\/\\\/bjorntech.com\\\/sv\\\/?s={search_term_string}\"},\"query-input\":{\"@type\":\"PropertyValueSpecification\",\"valueRequired\":true,\"valueName\":\"search_term_string\"}}],\"inLanguage\":\"sv-SE\"},{\"@type\":\"Organization\",\"@id\":\"https:\\\/\\\/bjorntech.com\\\/sv\\\/#organization\",\"name\":\"BjornTech - eCommerce made easy\",\"url\":\"https:\\\/\\\/bjorntech.com\\\/sv\\\/\",\"logo\":{\"@type\":\"ImageObject\",\"inLanguage\":\"sv-SE\",\"@id\":\"https:\\\/\\\/bjorntech.com\\\/sv\\\/#\\\/schema\\\/logo\\\/image\\\/\",\"url\":\"https:\\\/\\\/bjorntech.com\\\/wp-content\\\/uploads\\\/BjornTechNy.png\",\"contentUrl\":\"https:\\\/\\\/bjorntech.com\\\/wp-content\\\/uploads\\\/BjornTechNy.png\",\"width\":534,\"height\":265,\"caption\":\"BjornTech - eCommerce made easy\"},\"image\":{\"@id\":\"https:\\\/\\\/bjorntech.com\\\/sv\\\/#\\\/schema\\\/logo\\\/image\\\/\"}}]}<\/script>\n<!-- \/ Yoast SEO Premium plugin. -->","yoast_head_json":{"title":"BjornTech som Teknisk leverant\u00f6r &#8211; BjornTech","robots":{"index":"index","follow":"follow","max-snippet":"max-snippet:-1","max-image-preview":"max-image-preview:large","max-video-preview":"max-video-preview:-1"},"canonical":"https:\/\/bjorntech.com\/sv\/swish-teknisk-leverantor\/","og_locale":"sv_SE","og_type":"article","og_title":"BjornTech som Teknisk leverant\u00f6r","og_description":"BjornTech som Teknisk leverant\u00f6r Se hela guiden f\u00f6r hur du kommer ig\u00e5ng med pluginet H\u00c4R. Genom att v\u00e4lja BjornTech som Teknisk leverant\u00f6r slipper du den kr\u00e5ngliga processen att skapa ditt egna tekniska certifikat som kr\u00e4vs f\u00f6r att ansluta din webshop till Swish. Hela anslutningen tar bara n\u00e5gra minuter och d\u00e4refter kan du b\u00f6rja ta betalt [...]","og_url":"https:\/\/bjorntech.com\/sv\/swish-teknisk-leverantor\/","og_site_name":"BjornTech","article_modified_time":"2024-04-15T13:46:22+00:00","og_image":[{"width":256,"height":255,"url":"https:\/\/bjorntech.com\/wp-content\/uploads\/BjornTechMini.png","type":"image\/png"}],"twitter_card":"summary_large_image","twitter_misc":{"Ber\u00e4knad l\u00e4stid":"2 minuter"},"schema":{"@context":"https:\/\/schema.org","@graph":[{"@type":"WebPage","@id":"https:\/\/bjorntech.com\/sv\/swish-teknisk-leverantor\/","url":"https:\/\/bjorntech.com\/sv\/swish-teknisk-leverantor\/","name":"BjornTech som Teknisk leverant\u00f6r &#8211; BjornTech","isPartOf":{"@id":"https:\/\/bjorntech.com\/sv\/#website"},"datePublished":"2019-07-28T12:42:59+00:00","dateModified":"2024-04-15T13:46:22+00:00","breadcrumb":{"@id":"https:\/\/bjorntech.com\/sv\/swish-teknisk-leverantor\/#breadcrumb"},"inLanguage":"sv-SE","potentialAction":[{"@type":"ReadAction","target":["https:\/\/bjorntech.com\/sv\/swish-teknisk-leverantor\/"]}]},{"@type":"BreadcrumbList","@id":"https:\/\/bjorntech.com\/sv\/swish-teknisk-leverantor\/#breadcrumb","itemListElement":[{"@type":"ListItem","position":1,"name":"Hem","item":"https:\/\/bjorntech.com\/sv\/"},{"@type":"ListItem","position":2,"name":"BjornTech som Teknisk leverant\u00f6r"}]},{"@type":"WebSite","@id":"https:\/\/bjorntech.com\/sv\/#website","url":"https:\/\/bjorntech.com\/sv\/","name":"BjornTech","description":"e-commerce made easy","publisher":{"@id":"https:\/\/bjorntech.com\/sv\/#organization"},"potentialAction":[{"@type":"SearchAction","target":{"@type":"EntryPoint","urlTemplate":"https:\/\/bjorntech.com\/sv\/?s={search_term_string}"},"query-input":{"@type":"PropertyValueSpecification","valueRequired":true,"valueName":"search_term_string"}}],"inLanguage":"sv-SE"},{"@type":"Organization","@id":"https:\/\/bjorntech.com\/sv\/#organization","name":"BjornTech - eCommerce made easy","url":"https:\/\/bjorntech.com\/sv\/","logo":{"@type":"ImageObject","inLanguage":"sv-SE","@id":"https:\/\/bjorntech.com\/sv\/#\/schema\/logo\/image\/","url":"https:\/\/bjorntech.com\/wp-content\/uploads\/BjornTechNy.png","contentUrl":"https:\/\/bjorntech.com\/wp-content\/uploads\/BjornTechNy.png","width":534,"height":265,"caption":"BjornTech - eCommerce made easy"},"image":{"@id":"https:\/\/bjorntech.com\/sv\/#\/schema\/logo\/image\/"}}]}},"_links":{"self":[{"href":"https:\/\/bjorntech.com\/sv\/wp-json\/wp\/v2\/pages\/26993","targetHints":{"allow":["GET"]}}],"collection":[{"href":"https:\/\/bjorntech.com\/sv\/wp-json\/wp\/v2\/pages"}],"about":[{"href":"https:\/\/bjorntech.com\/sv\/wp-json\/wp\/v2\/types\/page"}],"author":[{"embeddable":true,"href":"https:\/\/bjorntech.com\/sv\/wp-json\/wp\/v2\/users\/1"}],"replies":[{"embeddable":true,"href":"https:\/\/bjorntech.com\/sv\/wp-json\/wp\/v2\/comments?post=26993"}],"version-history":[{"count":38,"href":"https:\/\/bjorntech.com\/sv\/wp-json\/wp\/v2\/pages\/26993\/revisions"}],"predecessor-version":[{"id":48269,"href":"https:\/\/bjorntech.com\/sv\/wp-json\/wp\/v2\/pages\/26993\/revisions\/48269"}],"wp:attachment":[{"href":"https:\/\/bjorntech.com\/sv\/wp-json\/wp\/v2\/media?parent=26993"}],"curies":[{"name":"wp","href":"https:\/\/api.w.org\/{rel}","templated":true}]}}