{"id":25255,"date":"2019-01-01T08:36:28","date_gmt":"2019-01-01T07:36:28","guid":{"rendered":"https:\/\/bjorntech.se\/?page_id=25255"},"modified":"2020-10-11T21:17:31","modified_gmt":"2020-10-11T19:17:31","slug":"personuppgiftspolicy","status":"publish","type":"page","link":"https:\/\/bjorntech.com\/sv\/personuppgiftspolicy\/","title":{"rendered":"Integritetspolicy"},"content":{"rendered":"[et_pb_section fb_built=&#8221;1&#8243; admin_label=&#8221;section&#8221; _builder_version=&#8221;3.22.3&#8243;][et_pb_row _builder_version=&#8221;3.25&#8243;][et_pb_column type=&#8221;4_4&#8243; _builder_version=&#8221;3.25&#8243; custom_padding=&#8221;|||&#8221; custom_padding__hover=&#8221;|||&#8221;][et_pb_text _builder_version=&#8221;3.27.4&#8243;]\n<p><strong>Personuppgiftspolicy f\u00f6r BjornTech AB<\/strong><\/p>\n<p>Denna personuppgiftspolicy g\u00e4ller f\u00f6r den personuppgiftsbehandling som sker inom ramen f\u00f6r de tj\u00e4nster som erbjuds p\u00e5 <a href=\"bjorntech.se\">bjorntech.se<\/a>,\u00a0 (\u201dTj\u00e4nsten\u201d) av BjornTech AB, organisationsnummer 556899-8180 (\u201cvi\u201d eller \u201coss\u201d).Din integritet \u00e4r viktig f\u00f6r oss. Denna personuppgiftspolicy beskriver den behandling av personuppgifter som sker inom ramen f\u00f6r Tj\u00e4nsten, \u00e4ndam\u00e5len med behandlingen, vilka vi kan komma att dela dina personuppgifter med och dina r\u00e4ttigheter i f\u00f6rh\u00e5llande till dina personuppgifter. Vi uppmanar dig att l\u00e4sa denna personuppgiftspolicy noggrant innan du anv\u00e4nder Tj\u00e4nsten.<\/p>\n<p><strong>CENTRALA BEGREPP<\/strong><br \/>En personuppgift \u00e4r en upplysning som direkt eller indirekt kan knytas till en fysisk levande person. Exempel p\u00e5 personuppgifter \u00e4r namn, adress, telefonnummer och e-postadress men \u00e4ven uppgifter om IP-nummer och om ditt anv\u00e4ndarbeteende vid nyttjande av Tj\u00e4nsten kan utg\u00f6ra personuppgifter.<br \/>Behandling av personuppgifter innefattar all hantering av personuppgifter, till exempel; insamling, analysering, registrering och lagring.<br \/>Personuppgiftsansvarig \u00e4r den som ensam eller tillsammans med annan best\u00e4mmer \u00e4ndam\u00e5l och medel f\u00f6r behandlingen av personuppgifterna och som ytterst ansvarar f\u00f6r att behandlingen sker i enlighet med till\u00e4mplig personuppgiftslagstiftning.<\/p>\n<p><strong>UPPGIFTER SOM BEHANDLAS<\/strong><br \/>Beroende p\u00e5 vilken tj\u00e4nst du anv\u00e4nder kan vi samla in f\u00f6ljande personuppgifter:<br \/>(a) namn;<br \/>(b) adress;<br \/>(c) e-postadress;<br \/>(d) telefonnummer;<br \/>(e) IP-adress;<br \/>(f) personnummer;<br \/>(g) andra uppgifter som du sj\u00e4lv l\u00e4mnar inom ramen f\u00f6r Tj\u00e4nsten.<br \/>N\u00e4r du anv\u00e4nder Tj\u00e4nsten kan viss information att inh\u00e4mtas automatiskt, inklusive:<br \/>(a) information om din anv\u00e4ndning av Tj\u00e4nsten; och<br \/>(b) teknisk data, vilket kan inkludera det URL genom vilket du f\u00e5r \u00e5tkomst till Hemsidan, din IP-adress, unique device ID, information om n\u00e4tverks- och datorprestanda, typ av webbl\u00e4sare, spr\u00e5k och information om identifiering och operativsystem.<\/p>\n<p><em><u>Information fr\u00e5n andra k\u00e4llor<\/u><\/em><br \/>Vi kan fr\u00e5n tid till annan ta emot och behandla personuppgifter fr\u00e5n andra k\u00e4llor som exempelvis; annonsn\u00e4tverk, kunder, tillhandah\u00e5llare av m\u00e4tverktyg eller andra parter, som hj\u00e4lper oss eller dem att f\u00f6rst\u00e5 anv\u00e4ndaraktiviteten, dina preferenser eller f\u00f6r att f\u00f6rb\u00e4ttra och personifiera Tj\u00e4nsten.<\/p>\n<p><strong>\u00c4NDAM\u00c5L MED BEHANDLINGEN<\/strong><br \/>Vi kommer behandla informationen ovan f\u00f6r f\u00f6ljande \u00e4ndam\u00e5l:<br \/>(a) f\u00f6r att tillhandah\u00e5lla Tj\u00e4nsten;<br \/>(b) f\u00f6r att s\u00e4kerst\u00e4lla kundk\u00e4nnedom;<br \/>(c) f\u00f6r att personifiera och f\u00f6rb\u00e4ttra din upplevelse av Tj\u00e4nsten;<br \/>(d) f\u00f6r att skicka dig notifieringar och meddelanden via post, telefon, elektronisk kommunikation (s\u00e5 som sms eller e-post) eller p\u00e5 annat s\u00e4tt, inklusive att skicka dig marknadsf\u00f6ring av v\u00e5ra produkter och tj\u00e4nster;<br \/>(e) f\u00f6r att informera dig om v\u00e5ra uppdateringar av Tj\u00e4nsten och anv\u00e4ndarvillkoren;<br \/>(f) f\u00f6r att f\u00f6rb\u00e4ttra och utveckla Tj\u00e4nsten och nya tj\u00e4nster och produkter, samt att analysera din anv\u00e4ndning av Tj\u00e4nsten;<br \/>(g) f\u00f6r att s\u00e4kerst\u00e4lla den tekniska funktionaliteten hos Tj\u00e4nsten;<br \/>(h) f\u00f6r att f\u00f6rhindra anv\u00e4ndning av Tj\u00e4nsten i strid med anv\u00e4ndarvillkoren f\u00f6r Tj\u00e4nsten och f\u00f6r att f\u00f6rebygga och utreda missbruk av Tj\u00e4nsten; och<br \/>(i) f\u00f6r att fullg\u00f6ra f\u00f6rpliktelser enligt lag.<\/p>\n<p><strong>SAMTYCKE<\/strong><br \/>Genom att acceptera villkoren f\u00f6r Tj\u00e4nsten samtycker du till att:<br \/>a) behandling av dina personuppgifter sker i enlighet med denna personuppgiftspolicy;<br \/>b) vi kan skicka direktmarknadsf\u00f6ring till dig, t.ex. via post, telefon, elektronisk kommunikation (s\u00e5 som sms eller e-post) eller p\u00e5 annat s\u00e4tt (du kan n\u00e4r som helst avs\u00e4ga dig ytterligare erbjudanden).<br \/>c) att vi, till den av dig angivna mailadressen, har r\u00e4tt att kontinuerligt skicka ut nyhetsbrev med information om nya tj\u00e4nster eller erbjudanden. Om du inte l\u00e4ngre \u00f6nskar ta emot s\u00e5dant nyhetsbrev kan du n\u00e4r som helst avsluta denna tj\u00e4nst genom att klicka p\u00e5 den d\u00e4rf\u00f6r avsedda l\u00e4nk som tillhandah\u00e5lls i varje nyhetsbrev.<br \/>d) att vi kan komma att spela in eller p\u00e5 annat s\u00e4tt dokumentera din kommunikation med oss.<\/p>\n<p><strong>\u00d6VERF\u00d6RING AV PERSONUPPGIFTER<\/strong><br \/>Vi kommer inte dela, s\u00e4lja, \u00f6verl\u00e5ta eller p\u00e5 annat s\u00e4tt l\u00e4mna ut personuppgifter ut\u00f6ver vad som anges i denna personuppgiftspolicy, om vi inte \u00e4r skyldiga att g\u00f6ra det till f\u00f6ljd av ett domstolsbeslut eller om vi har f\u00e5tt ditt medgivande till s\u00e5dant utl\u00e4mnande. Om det finns misstanke om att du har beg\u00e5tt ett brott i samband med anv\u00e4ndningen av Tj\u00e4nsten kan uppgifter, p\u00e5 beg\u00e4ran, l\u00e4mnas ut till myndigheter.<\/p>\n<p>Detta utesluter inte att vi kan anv\u00e4nda personuppgiftsbitr\u00e4den som behandlar person-uppgifter f\u00f6r v\u00e5r r\u00e4kning i enlighet med skriftliga personuppgiftsbitr\u00e4desavtal och v\u00e5ra instruktioner. Personuppgiftsbitr\u00e4den som f\u00e5r tillg\u00e5ng till dina personuppgifter (t.ex. n\u00e4r vi anv\u00e4nder en tredje part f\u00f6r att utf\u00f6ra betalningstransaktioner eller lagra information p\u00e5 en server), ges inte n\u00e5gon r\u00e4tt att anv\u00e4nda dina personuppgifter f\u00f6r andra syften \u00e4n de syften som anges i denna personuppgiftspolicy.<\/p>\n<p><strong>GALLRING AV PERSONUPPGIFTER<\/strong><br \/>Dina personuppgifter lagras inte l\u00e4ngre \u00e4n det \u00e4r n\u00f6dv\u00e4ndigt f\u00f6r att kunna uppfylla syftet med behandlingen. Dina personuppgifter gallras l\u00f6pande n\u00e4r de inte l\u00e4ngre \u00e4r relevanta f\u00f6r de \u00e4ndam\u00e5l som de har samlats in f\u00f6r.<\/p>\n<p><strong>R\u00c4TTELSE<\/strong><br \/>Du har r\u00e4tt att, enligt till\u00e4mplig personuppgiftslagstiftning, efterfr\u00e5ga ett s.k. registerutdrag med information om vilka personuppgifter om dig som vi behandlar. Du har r\u00e4tt till denna information kostnadsfritt och utan angivande av sk\u00e4l.<\/p>\n<p>Du har dessutom r\u00e4tt att, n\u00e4r som helst, beg\u00e4ra att vi antingen r\u00e4ttar, blockerar eller raderar personuppgifter som \u00e4r felaktiga. F\u00f6r det fall vi \u00e4r skyldiga enligt lag att lagra dina uppgifter, kan uppgifterna enbart blockeras.<\/p>\n<p><strong>LEGALA F\u00d6RFR\u00c5GNINGAR OCH F\u00d6REBYGGANDE AV SKADA<\/strong><br \/>Vi kan anv\u00e4nda, lagra och dela din information som svar p\u00e5 legala f\u00f6rfr\u00e5gningar (som till exempel husrannsakan, domstolsbeslut, st\u00e4mning eller liknande), eller n\u00e4r det \u00e4r n\u00f6dv\u00e4ndigt f\u00f6r att uppt\u00e4cka och f\u00f6rhindra kriminell aktivitet. Detta g\u00f6r vi f\u00f6r att vi ska kunna skydda oss sj\u00e4lva, dig och andra anv\u00e4ndare. Det kan inneb\u00e4ra att lagringen sker som en del i en unders\u00f6kning om vi tror att s\u00e5 kr\u00e4vs enligt till\u00e4mplig lag.<br \/>Information som vi erh\u00e5ller om dig n\u00e4r du anv\u00e4nder Tj\u00e4nsten, kan anv\u00e4ndas och lagras under en l\u00e4ngre tid \u00e4n vad som kr\u00e4vs f\u00f6r \u00f6vriga \u00e4ndam\u00e5l n\u00e4r informationen \u00e4r f\u00f6rem\u00e5l f\u00f6r legal f\u00f6rfr\u00e5gan, skyldighet enligt lag, myndighetsutredning eller utredningar r\u00f6rande m\u00f6jliga brott mot v\u00e5ra anv\u00e4ndarvillkor eller policyer, eller annars f\u00f6r att f\u00f6rebygga skada.<\/p>\n<p><strong>COOKIES OCH LIKNANDE TEKNIK<\/strong><br \/>Vi samlar in information med hj\u00e4lp av cookies och andra tekniker som k\u00e4nner igen dig som anv\u00e4ndare. F\u00f6r information om hur vi anv\u00e4nder dessa tekniker och hur du kan f\u00f6rhindra anv\u00e4ndandet av cookies, v\u00e4nligen se v\u00e5r\u00a0<a href=\"https:\/\/www.compricer.se\/page\/cookies\">cookiepolicy<\/a>.<\/p>\n<p><strong>SOCIALA PLUG-INS<\/strong><br \/>N\u00e4r du anv\u00e4nder Tj\u00e4nsten kan du fr\u00e5n tid till annan erbjudas att dela information fr\u00e5n Tj\u00e4nsten p\u00e5 sociala medier, som t.ex. Facebook, Instagram eller Twitter, via en implementerad social plug-in (som t.ex. en gillaknapp). Om du v\u00e4ljer att dela information via en social plug-in kommer din webbl\u00e4sare att \u00f6verf\u00f6ra f\u00f6ljande data till det sociala mediet:<br \/>(a) datum och tid f\u00f6r ditt bes\u00f6k;<br \/>(b) Internet-adressen\/URL f\u00f6r adressen som du f\u00f6r tillf\u00e4llet bes\u00f6ker;<br \/>(c) din IP-adress;<br \/>(d) vad du anv\u00e4nt f\u00f6r webbl\u00e4sare;<br \/>(e) vad du anv\u00e4nt f\u00f6r operativsystem;<br \/>(f) ditt anv\u00e4ndarnamn om du \u00e4r en registrerad anv\u00e4ndare av det sociala mediet och, om till\u00e4mpligt, ditt f\u00f6r- och efternamn; och<br \/>(g) om du anv\u00e4nder en plug-in, den information som du anv\u00e4nt denna specifika plug-in f\u00f6r.<\/p>\n<p>V\u00e4nligen notera att vi inte har n\u00e5got inflytande \u00f6ver den information som sociala medier samlar in med hj\u00e4lp av plug-ins. I fr\u00e5ga om s\u00e5dan information h\u00e4nvisar vi till villkoren f\u00f6r respektive socialt media. Vi uppmanar dig att h\u00e5lla dig informerad om syftet med, och omfattningen av, insamlingen av uppgifter som sker genom sociala plug-ins. Du kan blockera sociala plug-ins i inst\u00e4llningarna f\u00f6r din webbl\u00e4sare.<\/p>\n<p><strong>\u00c4NDRINGAR I PERSONUPPGIFTSPOLICYN<\/strong><br \/>Om vi g\u00f6r \u00e4ndringar i denna personuppgiftspolicy kommer vi att meddela dig genom att publicera den uppdaterade versionen h\u00e4r:\u00a0<a href=\"https:\/\/www.bjorntech.com\/personuppgiftspolicy\">https:\/\/www.bjorntech.com\/personuppgiftspolicy<\/a>. Om \u00e4ndringarna \u00e4r v\u00e4sentliga, kommer vi \u00e4ven meddela dig p\u00e5 l\u00e4mpligt s\u00e4tt och, om det kr\u00e4vs, be om ditt samtycke.<\/p>\n<p><strong>LAGVAL OCH TVISTEL\u00d6SNING<\/strong><br \/>Behandling av dina personuppgifter enligt denna personuppgiftspolicy och din anv\u00e4ndning av Tj\u00e4nsten regleras av svensk lag. Tvist ska l\u00f6sas av svensk allm\u00e4n domstol med Stockholms tingsr\u00e4tt som f\u00f6rsta instans, om inte annat f\u00f6ljer av tvingande lag.<\/p>\n<p><strong>KONTAKTUPPGIFTER TILL PERSONUPPGIFTSANSVARIG<\/strong><br \/>BjornTech AB \u00e4r personuppgiftsansvarig f\u00f6r den personuppgiftsbehandling som sker inom ramen f\u00f6r Tj\u00e4nsten.<br \/>F\u00f6r att ut\u00f6va r\u00e4ttigheterna enligt ovan eller om du har fr\u00e5gor om v\u00e5r behandling, v\u00e4nligen kontakta oss p\u00e5 f\u00f6ljande adress:<br \/>BjornTech AB<br \/>Finnvidsv\u00e4gen 5<br \/>182 33 DANDERYD<br \/>e-postadress:\u00a0<u><a href=\"mailto:hello@bjorntech.com\">hello@bjorntech.com<\/a><\/u><\/p>\n<p>Har du fr\u00e5gor som r\u00f6r behandling av dina personuppgifter kan du \u00e4ven kontakta v\u00e5rt personuppgiftsombud p\u00e5\u00a0<a href=\"mailto:personuppgiftsombud@bjorntech.com\"><u>personuppgiftsombud@bjorntech.com<\/u><\/a><\/p>\n<p>&nbsp;<\/p>\n<p>&nbsp;<\/p>\n[\/et_pb_text][\/et_pb_column][\/et_pb_row][\/et_pb_section]\n","protected":false},"excerpt":{"rendered":"[et_pb_section fb_built=&#8221;1&#8243; admin_label=&#8221;section&#8221; _builder_version=&#8221;3.22.3&#8243;][et_pb_row _builder_version=&#8221;3.25&#8243;][et_pb_column type=&#8221;4_4&#8243; _builder_version=&#8221;3.25&#8243; custom_padding=&#8221;|||&#8221; custom_padding__hover=&#8221;|||&#8221;][et_pb_text _builder_version=&#8221;3.27.4&#8243;] Personuppgiftspolicy f\u00f6r BjornTech AB Denna personuppgiftspolicy g\u00e4ller f\u00f6r den personuppgiftsbehandling som sker inom ramen f\u00f6r de tj\u00e4nster som erbjuds p\u00e5 bjorntech.se,\u00a0 (\u201dTj\u00e4nsten\u201d) av BjornTech AB, organisationsnummer 556899-8180 (\u201cvi\u201d eller \u201coss\u201d).Din integritet \u00e4r viktig f\u00f6r oss. Denna personuppgiftspolicy beskriver den behandling av personuppgifter som sker inom [&#8230;]\n","protected":false},"author":1,"featured_media":0,"parent":0,"menu_order":0,"comment_status":"closed","ping_status":"closed","template":"","meta":{"footnotes":""},"class_list":["post-25255","page","type-page","status-publish","hentry"],"yoast_head":"<!-- This site is optimized with the Yoast SEO Premium plugin v27.4 (Yoast SEO v27.4) - https:\/\/yoast.com\/product\/yoast-seo-premium-wordpress\/ -->\n<title>Integritetspolicy &#8211; BjornTech<\/title>\n<meta name=\"robots\" content=\"index, follow, max-snippet:-1, max-image-preview:large, max-video-preview:-1\" \/>\n<link rel=\"canonical\" href=\"https:\/\/bjorntech.com\/sv\/personuppgiftspolicy\/\" \/>\n<meta property=\"og:locale\" content=\"sv_SE\" \/>\n<meta property=\"og:type\" content=\"article\" \/>\n<meta property=\"og:title\" content=\"Integritetspolicy\" \/>\n<meta property=\"og:description\" content=\"[et_pb_section fb_built=&#8221;1&#8243; admin_label=&#8221;section&#8221; _builder_version=&#8221;3.22.3&#8243;][et_pb_row _builder_version=&#8221;3.25&#8243;][et_pb_column type=&#8221;4_4&#8243; _builder_version=&#8221;3.25&#8243; custom_padding=&#8221;|||&#8221; custom_padding__hover=&#8221;|||&#8221;][et_pb_text _builder_version=&#8221;3.27.4&#8243;] Personuppgiftspolicy f\u00f6r BjornTech AB Denna personuppgiftspolicy g\u00e4ller f\u00f6r den personuppgiftsbehandling som sker inom ramen f\u00f6r de tj\u00e4nster som erbjuds p\u00e5 bjorntech.se,\u00a0 (\u201dTj\u00e4nsten\u201d) av BjornTech AB, organisationsnummer 556899-8180 (\u201cvi\u201d eller \u201coss\u201d).Din integritet \u00e4r viktig f\u00f6r oss. Denna personuppgiftspolicy beskriver den behandling av personuppgifter som sker inom [...]\" \/>\n<meta property=\"og:url\" content=\"https:\/\/bjorntech.com\/sv\/personuppgiftspolicy\/\" \/>\n<meta property=\"og:site_name\" content=\"BjornTech\" \/>\n<meta property=\"article:modified_time\" content=\"2020-10-11T19:17:31+00:00\" \/>\n<meta property=\"og:image\" content=\"https:\/\/bjorntech.com\/wp-content\/uploads\/BjornTechMini.png\" \/>\n\t<meta property=\"og:image:width\" content=\"256\" \/>\n\t<meta property=\"og:image:height\" content=\"255\" \/>\n\t<meta property=\"og:image:type\" content=\"image\/png\" \/>\n<meta name=\"twitter:card\" content=\"summary_large_image\" \/>\n<meta name=\"twitter:label1\" content=\"Ber\u00e4knad l\u00e4stid\" \/>\n\t<meta name=\"twitter:data1\" content=\"8 minuter\" \/>\n<script type=\"application\/ld+json\" class=\"yoast-schema-graph\">{\"@context\":\"https:\\\/\\\/schema.org\",\"@graph\":[{\"@type\":\"WebPage\",\"@id\":\"https:\\\/\\\/bjorntech.com\\\/sv\\\/personuppgiftspolicy\\\/\",\"url\":\"https:\\\/\\\/bjorntech.com\\\/sv\\\/personuppgiftspolicy\\\/\",\"name\":\"Integritetspolicy &#8211; BjornTech\",\"isPartOf\":{\"@id\":\"https:\\\/\\\/bjorntech.com\\\/sv\\\/#website\"},\"datePublished\":\"2019-01-01T07:36:28+00:00\",\"dateModified\":\"2020-10-11T19:17:31+00:00\",\"breadcrumb\":{\"@id\":\"https:\\\/\\\/bjorntech.com\\\/sv\\\/personuppgiftspolicy\\\/#breadcrumb\"},\"inLanguage\":\"sv-SE\",\"potentialAction\":[{\"@type\":\"ReadAction\",\"target\":[\"https:\\\/\\\/bjorntech.com\\\/sv\\\/personuppgiftspolicy\\\/\"]}]},{\"@type\":\"BreadcrumbList\",\"@id\":\"https:\\\/\\\/bjorntech.com\\\/sv\\\/personuppgiftspolicy\\\/#breadcrumb\",\"itemListElement\":[{\"@type\":\"ListItem\",\"position\":1,\"name\":\"Hem\",\"item\":\"https:\\\/\\\/bjorntech.com\\\/sv\\\/\"},{\"@type\":\"ListItem\",\"position\":2,\"name\":\"Integritetspolicy\"}]},{\"@type\":\"WebSite\",\"@id\":\"https:\\\/\\\/bjorntech.com\\\/sv\\\/#website\",\"url\":\"https:\\\/\\\/bjorntech.com\\\/sv\\\/\",\"name\":\"BjornTech\",\"description\":\"e-commerce made easy\",\"publisher\":{\"@id\":\"https:\\\/\\\/bjorntech.com\\\/sv\\\/#organization\"},\"potentialAction\":[{\"@type\":\"SearchAction\",\"target\":{\"@type\":\"EntryPoint\",\"urlTemplate\":\"https:\\\/\\\/bjorntech.com\\\/sv\\\/?s={search_term_string}\"},\"query-input\":{\"@type\":\"PropertyValueSpecification\",\"valueRequired\":true,\"valueName\":\"search_term_string\"}}],\"inLanguage\":\"sv-SE\"},{\"@type\":\"Organization\",\"@id\":\"https:\\\/\\\/bjorntech.com\\\/sv\\\/#organization\",\"name\":\"BjornTech - eCommerce made easy\",\"url\":\"https:\\\/\\\/bjorntech.com\\\/sv\\\/\",\"logo\":{\"@type\":\"ImageObject\",\"inLanguage\":\"sv-SE\",\"@id\":\"https:\\\/\\\/bjorntech.com\\\/sv\\\/#\\\/schema\\\/logo\\\/image\\\/\",\"url\":\"https:\\\/\\\/bjorntech.com\\\/wp-content\\\/uploads\\\/BjornTechNy.png\",\"contentUrl\":\"https:\\\/\\\/bjorntech.com\\\/wp-content\\\/uploads\\\/BjornTechNy.png\",\"width\":534,\"height\":265,\"caption\":\"BjornTech - eCommerce made easy\"},\"image\":{\"@id\":\"https:\\\/\\\/bjorntech.com\\\/sv\\\/#\\\/schema\\\/logo\\\/image\\\/\"}}]}<\/script>\n<!-- \/ Yoast SEO Premium plugin. -->","yoast_head_json":{"title":"Integritetspolicy &#8211; BjornTech","robots":{"index":"index","follow":"follow","max-snippet":"max-snippet:-1","max-image-preview":"max-image-preview:large","max-video-preview":"max-video-preview:-1"},"canonical":"https:\/\/bjorntech.com\/sv\/personuppgiftspolicy\/","og_locale":"sv_SE","og_type":"article","og_title":"Integritetspolicy","og_description":"[et_pb_section fb_built=&#8221;1&#8243; admin_label=&#8221;section&#8221; _builder_version=&#8221;3.22.3&#8243;][et_pb_row _builder_version=&#8221;3.25&#8243;][et_pb_column type=&#8221;4_4&#8243; _builder_version=&#8221;3.25&#8243; custom_padding=&#8221;|||&#8221; custom_padding__hover=&#8221;|||&#8221;][et_pb_text _builder_version=&#8221;3.27.4&#8243;] Personuppgiftspolicy f\u00f6r BjornTech AB Denna personuppgiftspolicy g\u00e4ller f\u00f6r den personuppgiftsbehandling som sker inom ramen f\u00f6r de tj\u00e4nster som erbjuds p\u00e5 bjorntech.se,\u00a0 (\u201dTj\u00e4nsten\u201d) av BjornTech AB, organisationsnummer 556899-8180 (\u201cvi\u201d eller \u201coss\u201d).Din integritet \u00e4r viktig f\u00f6r oss. Denna personuppgiftspolicy beskriver den behandling av personuppgifter som sker inom [...]","og_url":"https:\/\/bjorntech.com\/sv\/personuppgiftspolicy\/","og_site_name":"BjornTech","article_modified_time":"2020-10-11T19:17:31+00:00","og_image":[{"width":256,"height":255,"url":"https:\/\/bjorntech.com\/wp-content\/uploads\/BjornTechMini.png","type":"image\/png"}],"twitter_card":"summary_large_image","twitter_misc":{"Ber\u00e4knad l\u00e4stid":"8 minuter"},"schema":{"@context":"https:\/\/schema.org","@graph":[{"@type":"WebPage","@id":"https:\/\/bjorntech.com\/sv\/personuppgiftspolicy\/","url":"https:\/\/bjorntech.com\/sv\/personuppgiftspolicy\/","name":"Integritetspolicy &#8211; BjornTech","isPartOf":{"@id":"https:\/\/bjorntech.com\/sv\/#website"},"datePublished":"2019-01-01T07:36:28+00:00","dateModified":"2020-10-11T19:17:31+00:00","breadcrumb":{"@id":"https:\/\/bjorntech.com\/sv\/personuppgiftspolicy\/#breadcrumb"},"inLanguage":"sv-SE","potentialAction":[{"@type":"ReadAction","target":["https:\/\/bjorntech.com\/sv\/personuppgiftspolicy\/"]}]},{"@type":"BreadcrumbList","@id":"https:\/\/bjorntech.com\/sv\/personuppgiftspolicy\/#breadcrumb","itemListElement":[{"@type":"ListItem","position":1,"name":"Hem","item":"https:\/\/bjorntech.com\/sv\/"},{"@type":"ListItem","position":2,"name":"Integritetspolicy"}]},{"@type":"WebSite","@id":"https:\/\/bjorntech.com\/sv\/#website","url":"https:\/\/bjorntech.com\/sv\/","name":"BjornTech","description":"e-commerce made easy","publisher":{"@id":"https:\/\/bjorntech.com\/sv\/#organization"},"potentialAction":[{"@type":"SearchAction","target":{"@type":"EntryPoint","urlTemplate":"https:\/\/bjorntech.com\/sv\/?s={search_term_string}"},"query-input":{"@type":"PropertyValueSpecification","valueRequired":true,"valueName":"search_term_string"}}],"inLanguage":"sv-SE"},{"@type":"Organization","@id":"https:\/\/bjorntech.com\/sv\/#organization","name":"BjornTech - eCommerce made easy","url":"https:\/\/bjorntech.com\/sv\/","logo":{"@type":"ImageObject","inLanguage":"sv-SE","@id":"https:\/\/bjorntech.com\/sv\/#\/schema\/logo\/image\/","url":"https:\/\/bjorntech.com\/wp-content\/uploads\/BjornTechNy.png","contentUrl":"https:\/\/bjorntech.com\/wp-content\/uploads\/BjornTechNy.png","width":534,"height":265,"caption":"BjornTech - eCommerce made easy"},"image":{"@id":"https:\/\/bjorntech.com\/sv\/#\/schema\/logo\/image\/"}}]}},"_links":{"self":[{"href":"https:\/\/bjorntech.com\/sv\/wp-json\/wp\/v2\/pages\/25255","targetHints":{"allow":["GET"]}}],"collection":[{"href":"https:\/\/bjorntech.com\/sv\/wp-json\/wp\/v2\/pages"}],"about":[{"href":"https:\/\/bjorntech.com\/sv\/wp-json\/wp\/v2\/types\/page"}],"author":[{"embeddable":true,"href":"https:\/\/bjorntech.com\/sv\/wp-json\/wp\/v2\/users\/1"}],"replies":[{"embeddable":true,"href":"https:\/\/bjorntech.com\/sv\/wp-json\/wp\/v2\/comments?post=25255"}],"version-history":[{"count":13,"href":"https:\/\/bjorntech.com\/sv\/wp-json\/wp\/v2\/pages\/25255\/revisions"}],"predecessor-version":[{"id":32221,"href":"https:\/\/bjorntech.com\/sv\/wp-json\/wp\/v2\/pages\/25255\/revisions\/32221"}],"wp:attachment":[{"href":"https:\/\/bjorntech.com\/sv\/wp-json\/wp\/v2\/media?parent=25255"}],"curies":[{"name":"wp","href":"https:\/\/api.w.org\/{rel}","templated":true}]}}