{"id":24744,"date":"2018-10-15T07:19:09","date_gmt":"2018-10-15T07:19:09","guid":{"rendered":"https:\/\/bjorntech.se\/?page_id=24744"},"modified":"2022-07-28T20:19:30","modified_gmt":"2022-07-28T18:19:30","slug":"swish-handel","status":"publish","type":"page","link":"https:\/\/bjorntech.com\/sv\/swish-handel\/","title":{"rendered":"Swish f\u00f6r Handel"},"content":{"rendered":"\n<div class=\"container section-title-container\" ><h1 class=\"section-title section-title-normal\"><b aria-hidden=\"true\"><\/b><span class=\"section-title-main\" >Swish f\u00f6r e-handel<\/span><b aria-hidden=\"true\"><\/b><\/h1><\/div>\n\n<p>Vi har utvecklat ett plugin f\u00f6r Swish som vi anv\u00e4nder i v\u00e5ra egna butiker.<\/p>\n<p>Du kan se det p\u00e5\u00a0<a href=\"https:\/\/broderamera.nu\">broderamera.nu<\/a> och\u00a0<a href=\"https:\/\/www.broderigarn.se\">broderigarn.se.<\/a><\/p>\n<h2>Nyhet: Installera utan certifikat<\/h2>\n<p>Nu har vi tecknat avtal som teknisk leverant\u00f6r till Swish. Det inneb\u00e4r att du kan komma ig\u00e5ng med Swish direkt utan kr\u00e5ngliga certifikat. Se mer under &#8221;BjornTech Swish Service&#8221;.<\/p>\n<h2>Vad \u00e4r Swish f\u00f6r e-handel?<\/h2>\n<p>Med Swish f\u00f6r e-handel kan du erbjuda ett popul\u00e4rt mobilt betals\u00e4tt i din e-handel eller m-handel. Allt din kund beh\u00f6ver f\u00f6r att genomf\u00f6ra en betalning online \u00e4r sin smartphone. Swish \u00e4r ett enkelt och tillg\u00e4ngligt betalningsalternativ f\u00f6r dina kunder. Med Swish f\u00f6r handel f\u00e5r du:<\/p>\n<ul>\n<li>Swish-nummer. Numret, som b\u00f6rjar med 123 f\u00f6ljt av en unik sjusiffrig sifferserie, \u00e4r direkt kopplat till f\u00f6retagets bankkonto.<\/li>\n<li>Bekr\u00e4ftelse p\u00e5 k\u00f6pet och betalningen in p\u00e5 kontot i realtid.<\/li>\n<li>Kunden kopplas direkt till Swish fr\u00e5n din webbutik och beh\u00f6ver bara godk\u00e4nna betalningen i appen.<\/li>\n<\/ul>\n<h2>Hur g\u00e5r installationen till?<\/h2>\n<p>Du hittar installationsanvisningar och kan ladda ner v\u00e5r plugin via WordPress <a href=\"https:\/\/wordpress.org\/plugins\/woo-swish-e-commerce\/\">h\u00e4r.<\/a><\/p>\n<h2>BjornTech Swish Service<\/h2>\n<p>Vi har f\u00e5tt m\u00e5nga fr\u00e5gor och synpunkter om installationen av certifikat. M\u00e5nga tycker att det \u00e4r kr\u00e5ngligt och k\u00e4nner inte att dom har det tekniska kunnande som beh\u00f6vs f\u00f6r att komma ig\u00e5ng.\u00a0<\/p>\n<p>Vi har d\u00e4rf\u00f6r tagit fram ett alternativ f\u00f6r dig som vill slippa kr\u00e5nglig installation av ett Swish-certifikat. Vi har tecknat ett avtal med Swish och \u00e4r numera &#8221;Teknisk leverant\u00f6r&#8221;.<\/p>\n<p>Det inneb\u00e4r att du kan komma ig\u00e5ng med swishandet inom n\u00e5gra minuter fr\u00e5n att du laddat ner ditt till\u00e4gg. G\u00e5 in p\u00e5 konfigurationssidan v\u00e4lj &#8221;BjornTech Swish Service&#8221; och f\u00f6lj instruktionerna. Vi har \u00e4ven en guide p\u00e5 hur man kommer ig\u00e5ng med oss som teknisk leverant\u00f6r <a href=\"https:\/\/bjorntech.com\/kb\/swish-teknisk-leverantor\/\">h\u00e4r<\/a>.<\/p>\n<p>Tj\u00e4nsten \u00e4r gratis f\u00f6r upp till 50 transaktioner per m\u00e5nad. Beh\u00f6ver du fler s\u00e5 kan du k\u00f6pa en prenumeration som till\u00e5ter upp till 1000 transaktioner per m\u00e5nad. Om inte det skulle r\u00e4cka s\u00e5 ordnar vi s\u00e5klart det ocks\u00e5, kontakta oss f\u00f6r pris.<\/p>\n<h2 style=\"text-align: left;\"><strong>Ladda ned till\u00e4gget gratis och v\u00e4lj alternativ<\/strong><\/h2>\n<p style=\"text-align: left;\">Du laddar ner v\u00e5rt till\u00e4gg helt gratis och kan v\u00e4lja mellan att skapa ett eget certifikat med hj\u00e4lp av v\u00e5r instruktion eller ansluta till v\u00e5r Swish-tj\u00e4nst. Att skapa certifikatet kr\u00e4ver ett viss m\u00e5tt av tekniskt kunnande och tillg\u00e5ng till filsystemet p\u00e5 ditt webbhotel. Med v\u00e5r Swish-tj\u00e4nst \u00e4r du ig\u00e5ng p\u00e5 n\u00e5gra minuter och kan anv\u00e4nda upp till 50 betalningar per m\u00e5nad helt utan kostnad.<\/p>\n<p>Om har behov av fler \u00e4n 50 betalningar per m\u00e5nad k\u00f6per du enkelt en prenumeration p\u00e5 upp till 1000 betalningar per m\u00e5nad i v\u00e5r <a href=\"https:\/\/bjorntech.com\/product\/woocommerce-swish\/\">webshop<\/a> f\u00f6r 600 kr + moms\/\u00e5r. Vi erbjuder \u00e4ven alternativ f\u00f6r st\u00f6rre kunder d\u00e4r man kan k\u00f6pa till \u00e4nnu mer betalningar vid behov.<\/p>\n\n","protected":false},"excerpt":{"rendered":"","protected":false},"author":1,"featured_media":0,"parent":0,"menu_order":0,"comment_status":"closed","ping_status":"closed","template":"","meta":{"footnotes":""},"class_list":["post-24744","page","type-page","status-publish","hentry"],"yoast_head":"<!-- This site is optimized with the Yoast SEO Premium plugin v27.4 (Yoast SEO v27.4) - https:\/\/yoast.com\/product\/yoast-seo-premium-wordpress\/ -->\n<title>Swish f\u00f6r Handel &#8211; BjornTech<\/title>\n<meta name=\"robots\" content=\"index, follow, max-snippet:-1, max-image-preview:large, max-video-preview:-1\" \/>\n<link rel=\"canonical\" href=\"https:\/\/bjorntech.com\/sv\/swish-handel\/\" \/>\n<meta property=\"og:locale\" content=\"sv_SE\" \/>\n<meta property=\"og:type\" content=\"article\" \/>\n<meta property=\"og:title\" content=\"Swish f\u00f6r Handel\" \/>\n<meta property=\"og:url\" content=\"https:\/\/bjorntech.com\/sv\/swish-handel\/\" \/>\n<meta property=\"og:site_name\" content=\"BjornTech\" \/>\n<meta property=\"article:modified_time\" content=\"2022-07-28T18:19:30+00:00\" \/>\n<meta property=\"og:image\" content=\"https:\/\/bjorntech.com\/wp-content\/uploads\/BjornTechMini.png\" \/>\n\t<meta property=\"og:image:width\" content=\"256\" \/>\n\t<meta property=\"og:image:height\" content=\"255\" \/>\n\t<meta property=\"og:image:type\" content=\"image\/png\" \/>\n<meta name=\"twitter:card\" content=\"summary_large_image\" \/>\n<meta name=\"twitter:label1\" content=\"Ber\u00e4knad l\u00e4stid\" \/>\n\t<meta name=\"twitter:data1\" content=\"3 minuter\" \/>\n<script type=\"application\/ld+json\" class=\"yoast-schema-graph\">{\"@context\":\"https:\\\/\\\/schema.org\",\"@graph\":[{\"@type\":\"WebPage\",\"@id\":\"https:\\\/\\\/bjorntech.com\\\/sv\\\/swish-handel\\\/\",\"url\":\"https:\\\/\\\/bjorntech.com\\\/sv\\\/swish-handel\\\/\",\"name\":\"Swish f\u00f6r Handel &#8211; BjornTech\",\"isPartOf\":{\"@id\":\"https:\\\/\\\/bjorntech.com\\\/sv\\\/#website\"},\"datePublished\":\"2018-10-15T07:19:09+00:00\",\"dateModified\":\"2022-07-28T18:19:30+00:00\",\"breadcrumb\":{\"@id\":\"https:\\\/\\\/bjorntech.com\\\/sv\\\/swish-handel\\\/#breadcrumb\"},\"inLanguage\":\"sv-SE\",\"potentialAction\":[{\"@type\":\"ReadAction\",\"target\":[\"https:\\\/\\\/bjorntech.com\\\/sv\\\/swish-handel\\\/\"]}]},{\"@type\":\"BreadcrumbList\",\"@id\":\"https:\\\/\\\/bjorntech.com\\\/sv\\\/swish-handel\\\/#breadcrumb\",\"itemListElement\":[{\"@type\":\"ListItem\",\"position\":1,\"name\":\"Hem\",\"item\":\"https:\\\/\\\/bjorntech.com\\\/sv\\\/\"},{\"@type\":\"ListItem\",\"position\":2,\"name\":\"Swish f\u00f6r Handel\"}]},{\"@type\":\"WebSite\",\"@id\":\"https:\\\/\\\/bjorntech.com\\\/sv\\\/#website\",\"url\":\"https:\\\/\\\/bjorntech.com\\\/sv\\\/\",\"name\":\"BjornTech\",\"description\":\"e-commerce made easy\",\"publisher\":{\"@id\":\"https:\\\/\\\/bjorntech.com\\\/sv\\\/#organization\"},\"potentialAction\":[{\"@type\":\"SearchAction\",\"target\":{\"@type\":\"EntryPoint\",\"urlTemplate\":\"https:\\\/\\\/bjorntech.com\\\/sv\\\/?s={search_term_string}\"},\"query-input\":{\"@type\":\"PropertyValueSpecification\",\"valueRequired\":true,\"valueName\":\"search_term_string\"}}],\"inLanguage\":\"sv-SE\"},{\"@type\":\"Organization\",\"@id\":\"https:\\\/\\\/bjorntech.com\\\/sv\\\/#organization\",\"name\":\"BjornTech - eCommerce made easy\",\"url\":\"https:\\\/\\\/bjorntech.com\\\/sv\\\/\",\"logo\":{\"@type\":\"ImageObject\",\"inLanguage\":\"sv-SE\",\"@id\":\"https:\\\/\\\/bjorntech.com\\\/sv\\\/#\\\/schema\\\/logo\\\/image\\\/\",\"url\":\"https:\\\/\\\/bjorntech.com\\\/wp-content\\\/uploads\\\/BjornTechNy.png\",\"contentUrl\":\"https:\\\/\\\/bjorntech.com\\\/wp-content\\\/uploads\\\/BjornTechNy.png\",\"width\":534,\"height\":265,\"caption\":\"BjornTech - eCommerce made easy\"},\"image\":{\"@id\":\"https:\\\/\\\/bjorntech.com\\\/sv\\\/#\\\/schema\\\/logo\\\/image\\\/\"}}]}<\/script>\n<!-- \/ Yoast SEO Premium plugin. -->","yoast_head_json":{"title":"Swish f\u00f6r Handel &#8211; BjornTech","robots":{"index":"index","follow":"follow","max-snippet":"max-snippet:-1","max-image-preview":"max-image-preview:large","max-video-preview":"max-video-preview:-1"},"canonical":"https:\/\/bjorntech.com\/sv\/swish-handel\/","og_locale":"sv_SE","og_type":"article","og_title":"Swish f\u00f6r Handel","og_url":"https:\/\/bjorntech.com\/sv\/swish-handel\/","og_site_name":"BjornTech","article_modified_time":"2022-07-28T18:19:30+00:00","og_image":[{"width":256,"height":255,"url":"https:\/\/bjorntech.com\/wp-content\/uploads\/BjornTechMini.png","type":"image\/png"}],"twitter_card":"summary_large_image","twitter_misc":{"Ber\u00e4knad l\u00e4stid":"3 minuter"},"schema":{"@context":"https:\/\/schema.org","@graph":[{"@type":"WebPage","@id":"https:\/\/bjorntech.com\/sv\/swish-handel\/","url":"https:\/\/bjorntech.com\/sv\/swish-handel\/","name":"Swish f\u00f6r Handel &#8211; BjornTech","isPartOf":{"@id":"https:\/\/bjorntech.com\/sv\/#website"},"datePublished":"2018-10-15T07:19:09+00:00","dateModified":"2022-07-28T18:19:30+00:00","breadcrumb":{"@id":"https:\/\/bjorntech.com\/sv\/swish-handel\/#breadcrumb"},"inLanguage":"sv-SE","potentialAction":[{"@type":"ReadAction","target":["https:\/\/bjorntech.com\/sv\/swish-handel\/"]}]},{"@type":"BreadcrumbList","@id":"https:\/\/bjorntech.com\/sv\/swish-handel\/#breadcrumb","itemListElement":[{"@type":"ListItem","position":1,"name":"Hem","item":"https:\/\/bjorntech.com\/sv\/"},{"@type":"ListItem","position":2,"name":"Swish f\u00f6r Handel"}]},{"@type":"WebSite","@id":"https:\/\/bjorntech.com\/sv\/#website","url":"https:\/\/bjorntech.com\/sv\/","name":"BjornTech","description":"e-commerce made easy","publisher":{"@id":"https:\/\/bjorntech.com\/sv\/#organization"},"potentialAction":[{"@type":"SearchAction","target":{"@type":"EntryPoint","urlTemplate":"https:\/\/bjorntech.com\/sv\/?s={search_term_string}"},"query-input":{"@type":"PropertyValueSpecification","valueRequired":true,"valueName":"search_term_string"}}],"inLanguage":"sv-SE"},{"@type":"Organization","@id":"https:\/\/bjorntech.com\/sv\/#organization","name":"BjornTech - eCommerce made easy","url":"https:\/\/bjorntech.com\/sv\/","logo":{"@type":"ImageObject","inLanguage":"sv-SE","@id":"https:\/\/bjorntech.com\/sv\/#\/schema\/logo\/image\/","url":"https:\/\/bjorntech.com\/wp-content\/uploads\/BjornTechNy.png","contentUrl":"https:\/\/bjorntech.com\/wp-content\/uploads\/BjornTechNy.png","width":534,"height":265,"caption":"BjornTech - eCommerce made easy"},"image":{"@id":"https:\/\/bjorntech.com\/sv\/#\/schema\/logo\/image\/"}}]}},"_links":{"self":[{"href":"https:\/\/bjorntech.com\/sv\/wp-json\/wp\/v2\/pages\/24744","targetHints":{"allow":["GET"]}}],"collection":[{"href":"https:\/\/bjorntech.com\/sv\/wp-json\/wp\/v2\/pages"}],"about":[{"href":"https:\/\/bjorntech.com\/sv\/wp-json\/wp\/v2\/types\/page"}],"author":[{"embeddable":true,"href":"https:\/\/bjorntech.com\/sv\/wp-json\/wp\/v2\/users\/1"}],"replies":[{"embeddable":true,"href":"https:\/\/bjorntech.com\/sv\/wp-json\/wp\/v2\/comments?post=24744"}],"version-history":[{"count":44,"href":"https:\/\/bjorntech.com\/sv\/wp-json\/wp\/v2\/pages\/24744\/revisions"}],"predecessor-version":[{"id":40154,"href":"https:\/\/bjorntech.com\/sv\/wp-json\/wp\/v2\/pages\/24744\/revisions\/40154"}],"wp:attachment":[{"href":"https:\/\/bjorntech.com\/sv\/wp-json\/wp\/v2\/media?parent=24744"}],"curies":[{"name":"wp","href":"https:\/\/api.w.org\/{rel}","templated":true}]}}